{"id":43,"date":"2019-07-25T00:52:35","date_gmt":"2019-07-25T00:52:35","guid":{"rendered":"http:\/\/estudiopatagon.com\/themes\/wordpress\/veenv2\/?page_id=43"},"modified":"2022-02-14T22:26:06","modified_gmt":"2022-02-14T19:26:06","slug":"iletisim","status":"publish","type":"page","link":"https:\/\/forestfireprotection.com\/tr\/iletisim\/","title":{"rendered":"\u0130leti\u015fim"},"content":{"rendered":"\n<p>L4Y Learning For Youth GmbH, <strong>2021-1-DE02-KA220-ADU-000028430<\/strong> proje numaral\u0131 \u201cTraining for self-protection against forest fires in rural areas\u201dnin koordinat\u00f6r\u00fcd\u00fcr.<\/p>\n\n\n\n<div class=\"wp-block-media-text alignwide is-stacked-on-mobile\" style=\"grid-template-columns:18% auto\"><figure class=\"wp-block-media-text__media\"><a href=\"http:\/\/bosev.org\/iletisim\/\" target=\"_blank\" rel=\"noopener\"><img decoding=\"async\" width=\"448\" height=\"519\" src=\"https:\/\/forestfireprotection.com\/tr\/wp-content\/themes\/veen\/assets\/images\/transparent.gif\" data-lazy=\"true\" data-src=\"https:\/\/forestfireprotection.com\/tr\/wp-content\/uploads\/2022\/01\/bosev-logo-BUYUK-copy.png\" alt=\"\" class=\"wp-image-777 size-full\" data-srcset=\"https:\/\/forestfireprotection.com\/tr\/wp-content\/uploads\/2022\/01\/bosev-logo-BUYUK-copy.png 448w, https:\/\/forestfireprotection.com\/tr\/wp-content\/uploads\/2022\/01\/bosev-logo-BUYUK-copy-259x300.png 259w, https:\/\/forestfireprotection.com\/tr\/wp-content\/uploads\/2022\/01\/bosev-logo-BUYUK-copy-86x100.png 86w, https:\/\/forestfireprotection.com\/tr\/wp-content\/uploads\/2022\/01\/bosev-logo-BUYUK-copy-388x450.png 388w\" data-sizes=\"(max-width: 448px) 100vw, 448px\" \/><\/a><\/figure><div class=\"wp-block-media-text__content\">\n<p>B\u00fcy\u00fck Ortado\u011fu Sa\u011fl\u0131k ve E\u011fitim Vakf\u0131<br>Hac\u0131bayram Mahallesi <br>E\u015fme Sokak No:2 Alt\u0131nda\u011f\/Ankara<br><strong>+90 312 311 60 65 <\/strong><a href=\"https:\/\/learningforyouth.com\" target=\"_blank\" rel=\"noreferrer noopener nofollow\"><\/a><a href=\"http:\/\/bosev.org\" target=\"_blank\" rel=\"noreferrer noopener nofollow\"><\/a><a href=\"http:\/\/bosev.org\" target=\"_blank\" rel=\"noreferrer noopener nofollow\"><\/a><a href=\"http:\/\/bosev.org\" target=\"_blank\" rel=\"noreferrer noopener nofollow\"><br><meta charset=\"utf-8\">Web<\/a> &#8211; <a href=\"https:\/\/www.facebook.com\/bosevorg\" target=\"_blank\" rel=\"noreferrer noopener nofollow\">Facebook<\/a> &#8211; <a href=\"https:\/\/twitter.com\/bosevorg\" target=\"_blank\" rel=\"noreferrer noopener nofollow\">Twitter<\/a> &#8211; <a href=\"https:\/\/www.linkedin.com\/in\/bosev-370341178\/\" target=\"_blank\" rel=\"noreferrer noopener nofollow\">Linkedin<\/a> &#8211; <a href=\"https:\/\/www.instagram.com\/bosevvakfi\/\" target=\"_blank\" rel=\"noreferrer noopener nofollow\">Instagram<\/a><\/p>\n<\/div><\/div>\n\n\n\n<div class=\"wp-block-media-text alignwide is-stacked-on-mobile\"><figure class=\"wp-block-media-text__media\"><img decoding=\"async\" width=\"1024\" height=\"183\" src=\"https:\/\/forestfireprotection.com\/tr\/wp-content\/themes\/veen\/assets\/images\/transparent.gif\" data-lazy=\"true\" data-src=\"https:\/\/forestfireprotection.com\/tr\/wp-content\/uploads\/2022\/02\/TR-Avrupa-Birlig\u0306i-tarafindan-ortak-finanse-edilmektedir_POS-1024x183.png\" alt=\"\" class=\"wp-image-838 size-full\"\/><\/figure><div class=\"wp-block-media-text__content\">\n<blockquote class=\"wp-block-quote is-layout-flow wp-block-quote-is-layout-flow\"><p><em><em>Avrupa Komisyonu&#8217;nun bu i\u00e7eri\u011fin \u00fcretimini onaylamas\u0131, yaln\u0131zca yazarlar\u0131n g\u00f6r\u00fc\u015flerini yans\u0131tan i\u00e7eri\u011fin onayland\u0131\u011f\u0131 anlam\u0131na gelmez ve Komisyon burada yer alan bilgilerin kullan\u0131m\u0131ndan sorumlu de\u011fildir.<\/em><\/em><\/p><cite><a href=\"https:\/\/erasmus-plus.ec.europa.eu\/\" target=\"_blank\" rel=\"noreferrer noopener\">Erasmus+<\/a><\/cite><\/blockquote>\n<\/div><\/div>\n","protected":false},"excerpt":{"rendered":"<p>L4Y Learning For Youth GmbH, 2021-1-DE02-KA220-ADU-000028430 proje numaral\u0131 \u201cTraining for self-protection against forest fires in rural areas\u201dnin koordinat\u00f6r\u00fcd\u00fcr. B\u00fcy\u00fck Ortado\u011fu Sa\u011fl\u0131k ve E\u011fitim Vakf\u0131Hac\u0131bayram Mahallesi&#8230;<\/p>\n","protected":false},"author":1,"featured_media":0,"parent":0,"menu_order":0,"comment_status":"closed","ping_status":"closed","template":"page-templates\/page-fullwidth.php","meta":{"footnotes":""},"class_list":["post-43","page","type-page","status-publish","hentry"],"yoast_head":"<!-- This site is optimized with the Yoast SEO plugin v27.4 - https:\/\/yoast.com\/product\/yoast-seo-wordpress\/ -->\n<title>\u0130leti\u015fim - Orman Yang\u0131nlar\u0131ndan Korunma<\/title>\n<meta name=\"robots\" content=\"index, follow, max-snippet:-1, max-image-preview:large, max-video-preview:-1\" \/>\n<link rel=\"canonical\" href=\"https:\/\/forestfireprotection.com\/tr\/iletisim\/\" \/>\n<meta property=\"og:locale\" content=\"tr_TR\" \/>\n<meta property=\"og:type\" content=\"article\" \/>\n<meta property=\"og:title\" content=\"\u0130leti\u015fim - Orman Yang\u0131nlar\u0131ndan Korunma\" \/>\n<meta property=\"og:description\" content=\"L4Y Learning For Youth GmbH, 2021-1-DE02-KA220-ADU-000028430 proje numaral\u0131 \u201cTraining for self-protection against forest fires in rural areas\u201dnin koordinat\u00f6r\u00fcd\u00fcr. B\u00fcy\u00fck Ortado\u011fu Sa\u011fl\u0131k ve E\u011fitim Vakf\u0131Hac\u0131bayram Mahallesi...\" \/>\n<meta property=\"og:url\" content=\"https:\/\/forestfireprotection.com\/tr\/iletisim\/\" \/>\n<meta property=\"og:site_name\" content=\"Orman Yang\u0131nlar\u0131ndan Korunma\" \/>\n<meta property=\"article:modified_time\" content=\"2022-02-14T19:26:06+00:00\" \/>\n<meta property=\"og:image\" content=\"https:\/\/forestfireprotection.com\/tr\/wp-content\/uploads\/2022\/01\/bosev-logo-BUYUK-copy.png\" \/>\n<meta name=\"twitter:card\" content=\"summary_large_image\" \/>\n<meta name=\"twitter:label1\" content=\"Tahmini okuma s\u00fcresi\" \/>\n\t<meta name=\"twitter:data1\" content=\"1 dakika\" \/>\n<script type=\"application\/ld+json\" class=\"yoast-schema-graph\">{\"@context\":\"https:\\\/\\\/schema.org\",\"@graph\":[{\"@type\":\"WebPage\",\"@id\":\"https:\\\/\\\/forestfireprotection.com\\\/tr\\\/iletisim\\\/\",\"url\":\"https:\\\/\\\/forestfireprotection.com\\\/tr\\\/iletisim\\\/\",\"name\":\"\u0130leti\u015fim - Orman Yang\u0131nlar\u0131ndan Korunma\",\"isPartOf\":{\"@id\":\"https:\\\/\\\/forestfireprotection.com\\\/tr\\\/#website\"},\"primaryImageOfPage\":{\"@id\":\"https:\\\/\\\/forestfireprotection.com\\\/tr\\\/iletisim\\\/#primaryimage\"},\"image\":{\"@id\":\"https:\\\/\\\/forestfireprotection.com\\\/tr\\\/iletisim\\\/#primaryimage\"},\"thumbnailUrl\":\"https:\\\/\\\/forestfireprotection.com\\\/tr\\\/wp-content\\\/uploads\\\/2022\\\/01\\\/bosev-logo-BUYUK-copy.png\",\"datePublished\":\"2019-07-25T00:52:35+00:00\",\"dateModified\":\"2022-02-14T19:26:06+00:00\",\"breadcrumb\":{\"@id\":\"https:\\\/\\\/forestfireprotection.com\\\/tr\\\/iletisim\\\/#breadcrumb\"},\"inLanguage\":\"tr\",\"potentialAction\":[{\"@type\":\"ReadAction\",\"target\":[\"https:\\\/\\\/forestfireprotection.com\\\/tr\\\/iletisim\\\/\"]}]},{\"@type\":\"ImageObject\",\"inLanguage\":\"tr\",\"@id\":\"https:\\\/\\\/forestfireprotection.com\\\/tr\\\/iletisim\\\/#primaryimage\",\"url\":\"https:\\\/\\\/forestfireprotection.com\\\/tr\\\/wp-content\\\/uploads\\\/2022\\\/01\\\/bosev-logo-BUYUK-copy.png\",\"contentUrl\":\"https:\\\/\\\/forestfireprotection.com\\\/tr\\\/wp-content\\\/uploads\\\/2022\\\/01\\\/bosev-logo-BUYUK-copy.png\",\"width\":448,\"height\":519,\"caption\":\"bosev logo\"},{\"@type\":\"BreadcrumbList\",\"@id\":\"https:\\\/\\\/forestfireprotection.com\\\/tr\\\/iletisim\\\/#breadcrumb\",\"itemListElement\":[{\"@type\":\"ListItem\",\"position\":1,\"name\":\"Home\",\"item\":\"https:\\\/\\\/forestfireprotection.com\\\/tr\\\/\"},{\"@type\":\"ListItem\",\"position\":2,\"name\":\"\u0130leti\u015fim\"}]},{\"@type\":\"WebSite\",\"@id\":\"https:\\\/\\\/forestfireprotection.com\\\/tr\\\/#website\",\"url\":\"https:\\\/\\\/forestfireprotection.com\\\/tr\\\/\",\"name\":\"Orman Yang\u0131nlar\u0131ndan Korunma\",\"description\":\"Orman yang\u0131nlar\u0131ndan korunma: kendini korumak\",\"potentialAction\":[{\"@type\":\"SearchAction\",\"target\":{\"@type\":\"EntryPoint\",\"urlTemplate\":\"https:\\\/\\\/forestfireprotection.com\\\/tr\\\/?s={search_term_string}\"},\"query-input\":{\"@type\":\"PropertyValueSpecification\",\"valueRequired\":true,\"valueName\":\"search_term_string\"}}],\"inLanguage\":\"tr\"}]}<\/script>\n<!-- \/ Yoast SEO plugin. -->","yoast_head_json":{"title":"\u0130leti\u015fim - Orman Yang\u0131nlar\u0131ndan Korunma","robots":{"index":"index","follow":"follow","max-snippet":"max-snippet:-1","max-image-preview":"max-image-preview:large","max-video-preview":"max-video-preview:-1"},"canonical":"https:\/\/forestfireprotection.com\/tr\/iletisim\/","og_locale":"tr_TR","og_type":"article","og_title":"\u0130leti\u015fim - Orman Yang\u0131nlar\u0131ndan Korunma","og_description":"L4Y Learning For Youth GmbH, 2021-1-DE02-KA220-ADU-000028430 proje numaral\u0131 \u201cTraining for self-protection against forest fires in rural areas\u201dnin koordinat\u00f6r\u00fcd\u00fcr. B\u00fcy\u00fck Ortado\u011fu Sa\u011fl\u0131k ve E\u011fitim Vakf\u0131Hac\u0131bayram Mahallesi...","og_url":"https:\/\/forestfireprotection.com\/tr\/iletisim\/","og_site_name":"Orman Yang\u0131nlar\u0131ndan Korunma","article_modified_time":"2022-02-14T19:26:06+00:00","og_image":[{"url":"https:\/\/forestfireprotection.com\/tr\/wp-content\/uploads\/2022\/01\/bosev-logo-BUYUK-copy.png","type":"","width":"","height":""}],"twitter_card":"summary_large_image","twitter_misc":{"Tahmini okuma s\u00fcresi":"1 dakika"},"schema":{"@context":"https:\/\/schema.org","@graph":[{"@type":"WebPage","@id":"https:\/\/forestfireprotection.com\/tr\/iletisim\/","url":"https:\/\/forestfireprotection.com\/tr\/iletisim\/","name":"\u0130leti\u015fim - Orman Yang\u0131nlar\u0131ndan Korunma","isPartOf":{"@id":"https:\/\/forestfireprotection.com\/tr\/#website"},"primaryImageOfPage":{"@id":"https:\/\/forestfireprotection.com\/tr\/iletisim\/#primaryimage"},"image":{"@id":"https:\/\/forestfireprotection.com\/tr\/iletisim\/#primaryimage"},"thumbnailUrl":"https:\/\/forestfireprotection.com\/tr\/wp-content\/uploads\/2022\/01\/bosev-logo-BUYUK-copy.png","datePublished":"2019-07-25T00:52:35+00:00","dateModified":"2022-02-14T19:26:06+00:00","breadcrumb":{"@id":"https:\/\/forestfireprotection.com\/tr\/iletisim\/#breadcrumb"},"inLanguage":"tr","potentialAction":[{"@type":"ReadAction","target":["https:\/\/forestfireprotection.com\/tr\/iletisim\/"]}]},{"@type":"ImageObject","inLanguage":"tr","@id":"https:\/\/forestfireprotection.com\/tr\/iletisim\/#primaryimage","url":"https:\/\/forestfireprotection.com\/tr\/wp-content\/uploads\/2022\/01\/bosev-logo-BUYUK-copy.png","contentUrl":"https:\/\/forestfireprotection.com\/tr\/wp-content\/uploads\/2022\/01\/bosev-logo-BUYUK-copy.png","width":448,"height":519,"caption":"bosev logo"},{"@type":"BreadcrumbList","@id":"https:\/\/forestfireprotection.com\/tr\/iletisim\/#breadcrumb","itemListElement":[{"@type":"ListItem","position":1,"name":"Home","item":"https:\/\/forestfireprotection.com\/tr\/"},{"@type":"ListItem","position":2,"name":"\u0130leti\u015fim"}]},{"@type":"WebSite","@id":"https:\/\/forestfireprotection.com\/tr\/#website","url":"https:\/\/forestfireprotection.com\/tr\/","name":"Orman Yang\u0131nlar\u0131ndan Korunma","description":"Orman yang\u0131nlar\u0131ndan korunma: kendini korumak","potentialAction":[{"@type":"SearchAction","target":{"@type":"EntryPoint","urlTemplate":"https:\/\/forestfireprotection.com\/tr\/?s={search_term_string}"},"query-input":{"@type":"PropertyValueSpecification","valueRequired":true,"valueName":"search_term_string"}}],"inLanguage":"tr"}]}},"_links":{"self":[{"href":"https:\/\/forestfireprotection.com\/tr\/wp-json\/wp\/v2\/pages\/43","targetHints":{"allow":["GET"]}}],"collection":[{"href":"https:\/\/forestfireprotection.com\/tr\/wp-json\/wp\/v2\/pages"}],"about":[{"href":"https:\/\/forestfireprotection.com\/tr\/wp-json\/wp\/v2\/types\/page"}],"author":[{"embeddable":true,"href":"https:\/\/forestfireprotection.com\/tr\/wp-json\/wp\/v2\/users\/1"}],"replies":[{"embeddable":true,"href":"https:\/\/forestfireprotection.com\/tr\/wp-json\/wp\/v2\/comments?post=43"}],"version-history":[{"count":8,"href":"https:\/\/forestfireprotection.com\/tr\/wp-json\/wp\/v2\/pages\/43\/revisions"}],"predecessor-version":[{"id":845,"href":"https:\/\/forestfireprotection.com\/tr\/wp-json\/wp\/v2\/pages\/43\/revisions\/845"}],"wp:attachment":[{"href":"https:\/\/forestfireprotection.com\/tr\/wp-json\/wp\/v2\/media?parent=43"}],"curies":[{"name":"wp","href":"https:\/\/api.w.org\/{rel}","templated":true}]}}