{"id":3,"date":"2021-12-12T18:16:15","date_gmt":"2021-12-12T18:16:15","guid":{"rendered":"https:\/\/forestfireprotection.com\/tr\/?page_id=3"},"modified":"2022-01-16T00:32:24","modified_gmt":"2022-01-15T21:32:24","slug":"sartlar","status":"publish","type":"page","link":"https:\/\/forestfireprotection.com\/tr\/sartlar\/","title":{"rendered":"\u015eartlar ve Ko\u015fullar"},"content":{"rendered":"\n<p><strong>Biz Kimiz<\/strong><br><strong>2021-1-DE02-KA220-ADU-000028430<\/strong> proje numaras\u0131 ile Erasmus+ taraf\u0131ndan finanse edilen \u201c<strong>Training for self-protection against forest fires in rural areas<\/strong>\u201d projesinin bir grup orta\u011f\u0131y\u0131z.<\/p>\n\n\n\n<p><strong>Kurabiye<\/strong><br>Giri\u015f sayfam\u0131z\u0131 ziyaret ederseniz, taray\u0131c\u0131n\u0131z\u0131n \u00e7erezleri kabul edip etmedi\u011fini belirlemek i\u00e7in ge\u00e7ici bir \u00e7erez ayarlayaca\u011f\u0131z. Bu \u00e7erez hi\u00e7bir ki\u015fisel veri i\u00e7ermez ve taray\u0131c\u0131n\u0131z\u0131 kapatt\u0131\u011f\u0131n\u0131zda at\u0131l\u0131r.<\/p>\n\n\n\n<p>Giri\u015f bilgilerinizi ve giri\u015f yapt\u0131\u011f\u0131n\u0131zda ekran g\u00f6r\u00fcnt\u00fcleme se\u00e7imlerinizi kaydetmek i\u00e7in ayr\u0131ca birka\u00e7 \u00e7erez ayarlayaca\u011f\u0131z. Giri\u015f \u00e7erezleri iki g\u00fcn, ekran se\u00e7enekleri \u00e7erezleri ise bir y\u0131l s\u00fcreyle ge\u00e7erlidir. \u201cBeni Hat\u0131rla\u201dy\u0131 se\u00e7erseniz, giri\u015finiz iki hafta boyunca devam eder. Hesab\u0131n\u0131zdan \u00e7\u0131k\u0131\u015f yaparsan\u0131z, giri\u015f \u00e7erezleri kald\u0131r\u0131lacakt\u0131r.<\/p>\n\n\n\n<p>Bir makaleyi d\u00fczenler veya yay\u0131nlarsan\u0131z, taray\u0131c\u0131n\u0131za ek bir \u00e7erez kaydedilir. Bu \u00e7erez hi\u00e7bir ki\u015fisel veri i\u00e7ermez ve az \u00f6nce d\u00fczenledi\u011finiz makalenin g\u00f6nderi kimli\u011fini g\u00f6sterir. Bir g\u00fcn sonra sona erer.<\/p>\n\n\n\n<p><strong>Di\u011fer web sitelerinden g\u00f6m\u00fcl\u00fc i\u00e7erik<\/strong><br>Bu sitedeki makaleler g\u00f6m\u00fcl\u00fc i\u00e7erik (\u00f6r. videolar, resimler, makaleler vb.) i\u00e7erebilir. Di\u011fer web sitelerinden g\u00f6m\u00fcl\u00fc i\u00e7erik, ziyaret\u00e7inin di\u011fer web sitesini ziyaret etmi\u015f gibi davran\u0131r.<\/p>\n\n\n\n<p>Bu web siteleri sizin hakk\u0131n\u0131zda veri toplayabilir, \u00e7erez kullanabilir, \u00fc\u00e7\u00fcnc\u00fc taraf taraf\u0131ndan g\u00f6m\u00fclm\u00fc\u015f ek izleme yapabilir ve bir hesab\u0131n\u0131z varsa ve bu web sitesinde oturum a\u00e7t\u0131ysan\u0131z, g\u00f6m\u00fclen i\u00e7erikle etkile\u015fiminizi izlemek de dahil olmak \u00fczere, bu g\u00f6m\u00fclen i\u00e7erikle etkile\u015fiminizi izleyebilir.<\/p>\n\n\n\n<p><strong>Verilerinizi kimlerle payla\u015f\u0131yoruz?<\/strong><br>Parola s\u0131f\u0131rlama talebinde bulunursan\u0131z, IP adresiniz s\u0131f\u0131rlama e-postas\u0131na eklenecektir.<\/p>\n\n\n\n<p><strong>Verilerinizi ne kadar s\u00fcreyle sakl\u0131yoruz?<\/strong><br>Bir yorum b\u0131rak\u0131rsan\u0131z, yorum ve meta verileri s\u00fcresiz olarak saklan\u0131r. Bu, takip eden yorumlar\u0131 bir denetleme kuyru\u011funda tutmak yerine otomatik olarak tan\u0131y\u0131p onaylayabilmemiz i\u00e7indir.<\/p>\n\n\n\n<p>Web sitemize kaydolan kullan\u0131c\u0131lar i\u00e7in (varsa), sa\u011flad\u0131klar\u0131 ki\u015fisel bilgileri de kullan\u0131c\u0131 profillerinde saklar\u0131z. T\u00fcm kullan\u0131c\u0131lar ki\u015fisel bilgilerini istedikleri zaman g\u00f6rebilir, d\u00fczenleyebilir veya silebilir (kullan\u0131c\u0131 adlar\u0131n\u0131 de\u011fi\u015ftirememeleri d\u0131\u015f\u0131nda). Web sitesi y\u00f6neticileri de bu bilgileri g\u00f6rebilir ve d\u00fczenleyebilir.<\/p>\n\n\n\n<p><strong>Verileriniz \u00fczerinde hangi haklara sahipsiniz<\/strong><br>Bu sitede bir hesab\u0131n\u0131z varsa veya yorum b\u0131rakt\u0131ysan\u0131z, bize sa\u011flad\u0131\u011f\u0131n\u0131z bilgiler de dahil olmak \u00fczere, hakk\u0131n\u0131zda tuttu\u011fumuz ki\u015fisel verilerin d\u0131\u015fa aktar\u0131lm\u0131\u015f bir dosyas\u0131n\u0131 almay\u0131 talep edebilirsiniz. Ayr\u0131ca, hakk\u0131n\u0131zda tuttu\u011fumuz t\u00fcm ki\u015fisel verileri silmemizi de talep edebilirsiniz. BT, idari, yasal veya g\u00fcvenlik ama\u00e7lar\u0131yla saklamak zorunda oldu\u011fumuz hi\u00e7bir veriyi i\u00e7ermez.<\/p>\n\n\n\n<p><strong>Verilerinizi nereye g\u00f6nderiyoruz<\/strong><br>Ziyaret\u00e7i yorumlar\u0131, otomatik bir spam alg\u0131lama hizmeti arac\u0131l\u0131\u011f\u0131yla kontrol edilebilir.<\/p>\n","protected":false},"excerpt":{"rendered":"<p>Biz Kimiz2021-1-DE02-KA220-ADU-000028430 proje numaras\u0131 ile Erasmus+ taraf\u0131ndan finanse edilen \u201cTraining for self-protection against forest fires in rural areas\u201d projesinin bir grup orta\u011f\u0131y\u0131z. KurabiyeGiri\u015f sayfam\u0131z\u0131 ziyaret&#8230;<\/p>\n","protected":false},"author":1,"featured_media":0,"parent":0,"menu_order":0,"comment_status":"closed","ping_status":"open","template":"","meta":{"footnotes":""},"class_list":["post-3","page","type-page","status-publish","hentry"],"yoast_head":"<!-- This site is optimized with the Yoast SEO plugin v27.4 - https:\/\/yoast.com\/product\/yoast-seo-wordpress\/ -->\n<title>\u015eartlar ve Ko\u015fullar - Orman Yang\u0131nlar\u0131ndan Korunma<\/title>\n<meta name=\"robots\" content=\"index, follow, max-snippet:-1, max-image-preview:large, max-video-preview:-1\" \/>\n<link rel=\"canonical\" href=\"https:\/\/forestfireprotection.com\/tr\/sartlar\/\" \/>\n<meta property=\"og:locale\" content=\"tr_TR\" \/>\n<meta property=\"og:type\" content=\"article\" \/>\n<meta property=\"og:title\" content=\"\u015eartlar ve Ko\u015fullar - Orman Yang\u0131nlar\u0131ndan Korunma\" \/>\n<meta property=\"og:description\" content=\"Biz Kimiz2021-1-DE02-KA220-ADU-000028430 proje numaras\u0131 ile Erasmus+ taraf\u0131ndan finanse edilen \u201cTraining for self-protection against forest fires in rural areas\u201d projesinin bir grup orta\u011f\u0131y\u0131z. KurabiyeGiri\u015f sayfam\u0131z\u0131 ziyaret...\" \/>\n<meta property=\"og:url\" content=\"https:\/\/forestfireprotection.com\/tr\/sartlar\/\" \/>\n<meta property=\"og:site_name\" content=\"Orman Yang\u0131nlar\u0131ndan Korunma\" \/>\n<meta property=\"article:modified_time\" content=\"2022-01-15T21:32:24+00:00\" \/>\n<meta name=\"twitter:card\" content=\"summary_large_image\" \/>\n<meta name=\"twitter:label1\" content=\"Tahmini okuma s\u00fcresi\" \/>\n\t<meta name=\"twitter:data1\" content=\"2 dakika\" \/>\n<script type=\"application\/ld+json\" class=\"yoast-schema-graph\">{\"@context\":\"https:\\\/\\\/schema.org\",\"@graph\":[{\"@type\":\"WebPage\",\"@id\":\"https:\\\/\\\/forestfireprotection.com\\\/tr\\\/sartlar\\\/\",\"url\":\"https:\\\/\\\/forestfireprotection.com\\\/tr\\\/sartlar\\\/\",\"name\":\"\u015eartlar ve Ko\u015fullar - Orman Yang\u0131nlar\u0131ndan Korunma\",\"isPartOf\":{\"@id\":\"https:\\\/\\\/forestfireprotection.com\\\/tr\\\/#website\"},\"datePublished\":\"2021-12-12T18:16:15+00:00\",\"dateModified\":\"2022-01-15T21:32:24+00:00\",\"breadcrumb\":{\"@id\":\"https:\\\/\\\/forestfireprotection.com\\\/tr\\\/sartlar\\\/#breadcrumb\"},\"inLanguage\":\"tr\",\"potentialAction\":[{\"@type\":\"ReadAction\",\"target\":[\"https:\\\/\\\/forestfireprotection.com\\\/tr\\\/sartlar\\\/\"]}]},{\"@type\":\"BreadcrumbList\",\"@id\":\"https:\\\/\\\/forestfireprotection.com\\\/tr\\\/sartlar\\\/#breadcrumb\",\"itemListElement\":[{\"@type\":\"ListItem\",\"position\":1,\"name\":\"Home\",\"item\":\"https:\\\/\\\/forestfireprotection.com\\\/tr\\\/\"},{\"@type\":\"ListItem\",\"position\":2,\"name\":\"\u015eartlar ve Ko\u015fullar\"}]},{\"@type\":\"WebSite\",\"@id\":\"https:\\\/\\\/forestfireprotection.com\\\/tr\\\/#website\",\"url\":\"https:\\\/\\\/forestfireprotection.com\\\/tr\\\/\",\"name\":\"Orman Yang\u0131nlar\u0131ndan Korunma\",\"description\":\"Orman yang\u0131nlar\u0131ndan korunma: kendini korumak\",\"potentialAction\":[{\"@type\":\"SearchAction\",\"target\":{\"@type\":\"EntryPoint\",\"urlTemplate\":\"https:\\\/\\\/forestfireprotection.com\\\/tr\\\/?s={search_term_string}\"},\"query-input\":{\"@type\":\"PropertyValueSpecification\",\"valueRequired\":true,\"valueName\":\"search_term_string\"}}],\"inLanguage\":\"tr\"}]}<\/script>\n<!-- \/ Yoast SEO plugin. -->","yoast_head_json":{"title":"\u015eartlar ve Ko\u015fullar - Orman Yang\u0131nlar\u0131ndan Korunma","robots":{"index":"index","follow":"follow","max-snippet":"max-snippet:-1","max-image-preview":"max-image-preview:large","max-video-preview":"max-video-preview:-1"},"canonical":"https:\/\/forestfireprotection.com\/tr\/sartlar\/","og_locale":"tr_TR","og_type":"article","og_title":"\u015eartlar ve Ko\u015fullar - Orman Yang\u0131nlar\u0131ndan Korunma","og_description":"Biz Kimiz2021-1-DE02-KA220-ADU-000028430 proje numaras\u0131 ile Erasmus+ taraf\u0131ndan finanse edilen \u201cTraining for self-protection against forest fires in rural areas\u201d projesinin bir grup orta\u011f\u0131y\u0131z. KurabiyeGiri\u015f sayfam\u0131z\u0131 ziyaret...","og_url":"https:\/\/forestfireprotection.com\/tr\/sartlar\/","og_site_name":"Orman Yang\u0131nlar\u0131ndan Korunma","article_modified_time":"2022-01-15T21:32:24+00:00","twitter_card":"summary_large_image","twitter_misc":{"Tahmini okuma s\u00fcresi":"2 dakika"},"schema":{"@context":"https:\/\/schema.org","@graph":[{"@type":"WebPage","@id":"https:\/\/forestfireprotection.com\/tr\/sartlar\/","url":"https:\/\/forestfireprotection.com\/tr\/sartlar\/","name":"\u015eartlar ve Ko\u015fullar - Orman Yang\u0131nlar\u0131ndan Korunma","isPartOf":{"@id":"https:\/\/forestfireprotection.com\/tr\/#website"},"datePublished":"2021-12-12T18:16:15+00:00","dateModified":"2022-01-15T21:32:24+00:00","breadcrumb":{"@id":"https:\/\/forestfireprotection.com\/tr\/sartlar\/#breadcrumb"},"inLanguage":"tr","potentialAction":[{"@type":"ReadAction","target":["https:\/\/forestfireprotection.com\/tr\/sartlar\/"]}]},{"@type":"BreadcrumbList","@id":"https:\/\/forestfireprotection.com\/tr\/sartlar\/#breadcrumb","itemListElement":[{"@type":"ListItem","position":1,"name":"Home","item":"https:\/\/forestfireprotection.com\/tr\/"},{"@type":"ListItem","position":2,"name":"\u015eartlar ve Ko\u015fullar"}]},{"@type":"WebSite","@id":"https:\/\/forestfireprotection.com\/tr\/#website","url":"https:\/\/forestfireprotection.com\/tr\/","name":"Orman Yang\u0131nlar\u0131ndan Korunma","description":"Orman yang\u0131nlar\u0131ndan korunma: kendini korumak","potentialAction":[{"@type":"SearchAction","target":{"@type":"EntryPoint","urlTemplate":"https:\/\/forestfireprotection.com\/tr\/?s={search_term_string}"},"query-input":{"@type":"PropertyValueSpecification","valueRequired":true,"valueName":"search_term_string"}}],"inLanguage":"tr"}]}},"_links":{"self":[{"href":"https:\/\/forestfireprotection.com\/tr\/wp-json\/wp\/v2\/pages\/3","targetHints":{"allow":["GET"]}}],"collection":[{"href":"https:\/\/forestfireprotection.com\/tr\/wp-json\/wp\/v2\/pages"}],"about":[{"href":"https:\/\/forestfireprotection.com\/tr\/wp-json\/wp\/v2\/types\/page"}],"author":[{"embeddable":true,"href":"https:\/\/forestfireprotection.com\/tr\/wp-json\/wp\/v2\/users\/1"}],"replies":[{"embeddable":true,"href":"https:\/\/forestfireprotection.com\/tr\/wp-json\/wp\/v2\/comments?post=3"}],"version-history":[{"count":3,"href":"https:\/\/forestfireprotection.com\/tr\/wp-json\/wp\/v2\/pages\/3\/revisions"}],"predecessor-version":[{"id":790,"href":"https:\/\/forestfireprotection.com\/tr\/wp-json\/wp\/v2\/pages\/3\/revisions\/790"}],"wp:attachment":[{"href":"https:\/\/forestfireprotection.com\/tr\/wp-json\/wp\/v2\/media?parent=3"}],"curies":[{"name":"wp","href":"https:\/\/api.w.org\/{rel}","templated":true}]}}