{"id":598,"date":"2021-11-27T12:58:21","date_gmt":"2021-11-27T12:58:21","guid":{"rendered":"https:\/\/forestfireprotection.com\/?page_id=588"},"modified":"2022-02-14T19:51:59","modified_gmt":"2022-02-14T19:51:59","slug":"socios","status":"publish","type":"page","link":"https:\/\/forestfireprotection.com\/sp\/socios\/","title":{"rendered":"Socios"},"content":{"rendered":"\n<p>Estos son los socios del proyecto Erasmus+ \u00ab<meta charset=\"utf-8\"><strong>Training for self-protection against forest fires in rural areas<\/strong>\u00bb con n\u00famero de proyecto <strong>2021-1-DE02-KA220-ADU-000028430<\/strong>.<\/p>\n\n\n\n<div class=\"wp-block-media-text alignwide is-stacked-on-mobile\" style=\"grid-template-columns:18% auto\"><figure class=\"wp-block-media-text__media\"><a href=\"https:\/\/learningforyouth.com\" target=\"_blank\" rel=\"noopener\"><img decoding=\"async\" src=\"https:\/\/forestfireprotection.com\/sp\/wp-content\/themes\/veen\/assets\/images\/transparent.gif\" data-lazy=\"true\" data-src=\"https:\/\/forestfireprotection.com\/wp-content\/uploads\/2021\/11\/L4YBlack.png\" alt=\"\" class=\"wp-image-700 size-full\"\/><\/a><\/figure><div class=\"wp-block-media-text__content\">\n<p class=\"has-drop-cap\">L4Y Learning For Youth trabaja en el \u00e1mbito de la juventud con los siguientes objetivos: mejorar la concienciaci\u00f3n de los j\u00f3venes con las tecnolog\u00edas emergentes; mejorar las aptitudes de los j\u00f3venes para los (futuros) empleos; ayudar a resolver el problema de la integraci\u00f3n de los refugiados, los solicitantes de asilo y los inmigrantes;<br><a href=\"https:\/\/learningforyouth.com\" target=\"_blank\" rel=\"noreferrer noopener nofollow\">Web<\/a> &#8211; <a href=\"https:\/\/www.facebook.com\/Learning4Youth\" target=\"_blank\" rel=\"noreferrer noopener nofollow\">Facebook<\/a> &#8211; <a href=\"https:\/\/twitter.com\/learning4youth\" target=\"_blank\" rel=\"noreferrer noopener nofollow\">Twitter<\/a> &#8211; <a href=\"https:\/\/instagram.com\/learning4youth\" target=\"_blank\" rel=\"noreferrer noopener nofollow\">Instagram<\/a> &#8211; <a href=\"https:\/\/www.youtube.com\/channel\/UCre-KOaa9c-s1M5bX6URv-g\" target=\"_blank\" rel=\"noreferrer noopener nofollow\">Youtube<\/a><\/p>\n<\/div><\/div>\n\n\n\n<div class=\"wp-block-media-text alignwide is-stacked-on-mobile\" style=\"grid-template-columns:18% auto\"><figure class=\"wp-block-media-text__media\"><a href=\"http:\/\/bosev.org\" target=\"_blank\" rel=\"noopener\"><img decoding=\"async\" src=\"https:\/\/forestfireprotection.com\/sp\/wp-content\/themes\/veen\/assets\/images\/transparent.gif\" data-lazy=\"true\" data-src=\"https:\/\/forestfireprotection.com\/wp-content\/uploads\/2021\/11\/bosev-logo-BUYUK-copy.png\" alt=\"\" class=\"wp-image-691 size-full\"\/><\/a><\/figure><div class=\"wp-block-media-text__content\">\n<p class=\"has-drop-cap\">Buyuk Ortadogu Saglik ve Egitim Vakfi (BOSEV, Fundaci\u00f3n de Investigaci\u00f3n) de Ankara\/Turqu\u00eda fue fundada como una estructura paraguas en 2009 por un grupo de profesionales que trabajan en el campo de la medicina, adem\u00e1s de otros sectores como la educaci\u00f3n, el deporte, el mundo empresarial y las TIC. El objetivo de BOSEV es apoyar el desarrollo de la investigaci\u00f3n en los sectores de la medicina y la educaci\u00f3n gracias a la gran capacidad de su personal y a su alto perfil. Con respecto a este objetivo, BOSEV alberga publicaciones m\u00e9dicas con revistas m\u00e9dicas peri\u00f3dicas; cuenta con 50 profesionales del consejo de administraci\u00f3n y 100 miembros que prestan un apoyo voluntario continuo y variado; y transfiere la experiencia y la capacidad de m\u00e1s de 1.000 personas que trabajan en los hospitales, centros m\u00e9dicos, cl\u00ednicas y en una empresa de medios de comunicaci\u00f3n de BOSEV. Nuestro equipo se centra en el desarrollo e introducci\u00f3n de soluciones para problemas sociales, educativos y econ\u00f3micos sist\u00e9micos. Estas soluciones se desarrollan a trav\u00e9s de varios niveles de interacci\u00f3n con las partes interesadas. Creemos que la calidad de vida mejora cuando se aprovecha el proceso de innovaci\u00f3n social para alcanzar la justicia social, resolver problemas sist\u00e9micos y desarrollar soluciones que puedan ofrecer oportunidades a individuos y organizaciones.<br><a href=\"http:\/\/bosev.org\" target=\"_blank\" rel=\"noreferrer noopener nofollow\">Web<\/a> &#8211; <a href=\"https:\/\/www.facebook.com\/bosevorg\" target=\"_blank\" rel=\"noreferrer noopener nofollow\">Facebook<\/a> &#8211; <a href=\"https:\/\/twitter.com\/bosevorg\" target=\"_blank\" rel=\"noreferrer noopener nofollow\">Twitter<\/a> &#8211; <a href=\"https:\/\/www.linkedin.com\/in\/bosev-370341178\/\" target=\"_blank\" rel=\"noreferrer noopener nofollow\">Linkedin<\/a> &#8211; <a href=\"https:\/\/www.instagram.com\/bosevvakfi\/\" target=\"_blank\" rel=\"noreferrer noopener nofollow\">Instagram<\/a><\/p>\n<\/div><\/div>\n\n\n\n<div class=\"wp-block-media-text alignwide is-stacked-on-mobile\" style=\"grid-template-columns:18% auto\"><figure class=\"wp-block-media-text__media\"><a href=\"https:\/\/www.growthcoop.eu\/\" target=\"_blank\" rel=\"noopener\"><img decoding=\"async\" src=\"https:\/\/forestfireprotection.com\/sp\/wp-content\/themes\/veen\/assets\/images\/transparent.gif\" data-lazy=\"true\" data-src=\"https:\/\/forestfireprotection.com\/wp-content\/uploads\/2021\/11\/logo-4-GrowthCoop-1024x256.jpg\" alt=\"\" class=\"wp-image-695 size-full\"\/><\/a><\/figure><div class=\"wp-block-media-text__content\">\n<p class=\"has-drop-cap\">GrowthCoop es una organizaci\u00f3n reciente pero sus miembros tienen una larga experiencia en proyectos europeos. Nuestra pasi\u00f3n es el desarrollo de las habilidades y competencias de las personas; realmente creemos que la base del desarrollo de nuestra sociedad es el desarrollo de las personas y las organizaciones. Trabajamos con personas de diferentes sectores econ\u00f3micos y or\u00edgenes promoviendo la inclusi\u00f3n social. La promoci\u00f3n de valores como el emprendimiento social, la interculturalidad, la sostenibilidad, la protecci\u00f3n del medio ambiente y la econom\u00eda circular, entre otros, mejorar\u00e1n la vida de nuestras futuras generaciones.<br><a href=\"https:\/\/www.growthcoop.eu\/\" target=\"_blank\" rel=\"noreferrer noopener nofollow\">Web<\/a> &#8211; <a href=\"https:\/\/www.facebook.com\/GrowthCoop\" target=\"_blank\" rel=\"noreferrer noopener nofollow\">Facebook<\/a><\/p>\n<\/div><\/div>\n\n\n\n<div class=\"wp-block-media-text alignwide is-stacked-on-mobile\" style=\"grid-template-columns:18% auto\"><figure class=\"wp-block-media-text__media\"><a href=\"https:\/\/www.citizensinpower.org\/\" target=\"_blank\" rel=\"noopener\"><img decoding=\"async\" src=\"https:\/\/forestfireprotection.com\/sp\/wp-content\/themes\/veen\/assets\/images\/transparent.gif\" data-lazy=\"true\" data-src=\"https:\/\/forestfireprotection.com\/wp-content\/uploads\/2021\/11\/cip-logo-1-1024x386.png\" alt=\"\" class=\"wp-image-720 size-full\"\/><\/a><\/figure><div class=\"wp-block-media-text__content\">\n<p class=\"has-drop-cap\">Citizens In Power (CIP) es una organizaci\u00f3n no gubernamental independiente y sin \u00e1nimo de lucro de Chipre que se ocupa de las necesidades y demandas de las personas a trav\u00e9s de su participaci\u00f3n en la vida social y c\u00edvica, proporcion\u00e1ndoles al mismo tiempo material innovador y formaci\u00f3n gratuita relacionada con diversos \u00e1mbitos, como la educaci\u00f3n (incluida la educaci\u00f3n en l\u00ednea), la inclusi\u00f3n, el esp\u00edritu empresarial y los negocios, la cultura, el mercado laboral y el aprendizaje permanente.<br>El CIP tiene como objetivo principal el desarrollo de la educaci\u00f3n, el esp\u00edritu empresarial y el aprendizaje permanente en Chipre y en el extranjero. Para lograr estos objetivos, el CIP mantiene una colaboraci\u00f3n permanente con las principales universidades, escuelas, ONG y organizaciones de investigaci\u00f3n de Chipre para el desarrollo de proyectos, formaci\u00f3n y material educativo. El CIP cuenta con una valiosa red de formadores profesionales y expertos en educaci\u00f3n con experiencia en educaci\u00f3n formal y no formal.<\/p>\n\n\n\n<p><a href=\"https:\/\/www.citizensinpower.org\/\" target=\"_blank\" rel=\"noreferrer noopener nofollow\">Web<\/a> &#8211; <a href=\"https:\/\/www.facebook.com\/citizensinpower\" target=\"_blank\" rel=\"noreferrer noopener nofollow\">Facebook<\/a> &#8211; <a href=\"https:\/\/www.instagram.com\/citizensinpower\/\" target=\"_blank\" rel=\"noreferrer noopener nofollow\">Instagram<\/a> &#8211; <a href=\"https:\/\/www.youtube.com\/c\/CitizensInPower\" target=\"_blank\" rel=\"noreferrer noopener nofollow\">Youtube<\/a><\/p>\n<\/div><\/div>\n\n\n\n<div class=\"wp-block-media-text alignwide is-stacked-on-mobile\" style=\"grid-template-columns:18% auto\"><figure class=\"wp-block-media-text__media\"><img decoding=\"async\" src=\"https:\/\/forestfireprotection.com\/sp\/wp-content\/themes\/veen\/assets\/images\/transparent.gif\" data-lazy=\"true\" data-src=\"https:\/\/forestfireprotection.com\/wp-content\/uploads\/2021\/12\/logo-kmop-EN_2-1024x423.png\" alt=\"\" class=\"wp-image-728 size-full\"\/><\/figure><div class=\"wp-block-media-text__content\">\n<p class=\"has-drop-cap\">KMOP &#8211; Centro de Acci\u00f3n e Innovaci\u00f3n Social es una organizaci\u00f3n sin \u00e1nimo de lucro, con sede en Atenas, Grecia, con m\u00e1s de 40 a\u00f1os de experiencia en desarrollo sostenible, crecimiento social, protecci\u00f3n de los derechos humanos, inclusi\u00f3n social e investigaci\u00f3n de pol\u00edticas. Se centra en el fomento de la resiliencia de las personas, la lucha contra las desigualdades y el apoyo al crecimiento inclusivo y sostenible mediante el desarrollo y la aplicaci\u00f3n de diversas herramientas, programas y pol\u00edticas innovadoras. Adem\u00e1s de la prestaci\u00f3n directa de servicios sociales, la experiencia de KMOP consiste en el dise\u00f1o y la aplicaci\u00f3n de programas de gran impacto en los \u00e1mbitos de la educaci\u00f3n, la migraci\u00f3n, la protecci\u00f3n de los derechos humanos, el empleo, la salud mental y la econom\u00eda social.<\/p>\n\n\n\n<p>KMOP es el coordinador del proyecto POLITEIA. En el \u00e1mbito de la educaci\u00f3n, la organizaci\u00f3n tiene una gran experiencia en la ejecuci\u00f3n de proyectos relevantes y ha establecido una exitosa y continua colaboraci\u00f3n con el Ministerio de Educaci\u00f3n de Grecia y la Fundaci\u00f3n de Educaci\u00f3n Permanente de los J\u00f3venes. Adem\u00e1s, KMOP lleva mucho tiempo participando en la ejecuci\u00f3n de programas de aprendizaje permanente, aprendizaje no formal y desarrollo de capacidades para personas socialmente vulnerables.<\/p>\n\n\n\n<p><a href=\"https:\/\/www.kmop.gr\/\" target=\"_blank\" rel=\"noreferrer noopener nofollow\">Web<\/a> &#8211; <a href=\"https:\/\/www.facebook.com\/kmop.eu\/\" target=\"_blank\" rel=\"noreferrer noopener nofollow\">Facebook<\/a> &#8211; <a href=\"https:\/\/www.instagram.com\/kmop_ngo\/\" target=\"_blank\" rel=\"noreferrer noopener nofollow\">Instagram<\/a> &#8211; <a href=\"https:\/\/twitter.com\/kmop_ngo\" target=\"_blank\" rel=\"noreferrer noopener nofollow\">Twitter<\/a> &#8211; <a href=\"https:\/\/www.youtube.com\/channel\/UCHIq1YO8QxXiuPQcwi78i2w\" target=\"_blank\" rel=\"noreferrer noopener nofollow\">Youtube<\/a><\/p>\n<\/div><\/div>\n\n\n\n<div class=\"wp-block-media-text alignwide is-stacked-on-mobile\" style=\"grid-template-columns:18% auto\"><figure class=\"wp-block-media-text__media\"><a href=\"http:\/\/spel.com.pt\/\" target=\"_blank\" rel=\"noopener\"><img decoding=\"async\" src=\"https:\/\/forestfireprotection.com\/sp\/wp-content\/themes\/veen\/assets\/images\/transparent.gif\" data-lazy=\"true\" data-src=\"https:\/\/forestfireprotection.com\/wp-content\/uploads\/2021\/12\/logo-SPEL.png\" alt=\"\" class=\"wp-image-732 size-full\"\/><\/a><\/figure><div class=\"wp-block-media-text__content\">\n<p class=\"has-drop-cap\">Fundada en 1990, SPEL significa \u00abSociedad para la Promoci\u00f3n de Establecimientos Escolares\u00bb. Fue constituida por un grupo de profesores experimentados, que quer\u00edan crear escuelas que no s\u00f3lo ense\u00f1aran a los alumnos, sino que tambi\u00e9n les ayudaran psicol\u00f3gica y socialmente. Por ello, crearon una escuela de FP y la ubicaron estrat\u00e9gicamente en una regi\u00f3n con alto \u00edndice de desempleo y problemas sociales.<\/p>\n\n\n\n<p>En sus 29 a\u00f1os de existencia, la SPEL ampli\u00f3 sus buenas pr\u00e1cticas adquiriendo participaci\u00f3n en otras escuelas situadas en zonas problem\u00e1ticas.<\/p>\n\n\n\n<p>Estas escuelas son ahora administradas por un equipo con experiencia en el trabajo con j\u00f3venes y adultos de or\u00edgenes dif\u00edciles y el principio de acci\u00f3n es el compromiso de todo el personal de la escuela para proporcionar soluciones caso por caso a los problemas de los estudiantes.<\/p>\n\n\n\n<p><a href=\"https:\/\/spel.com.pt\/\" target=\"_blank\" rel=\"noreferrer noopener nofollow\">Web<\/a> &#8211; <a href=\"https:\/\/www.facebook.com\/SPEL1990\/\" target=\"_blank\" rel=\"noreferrer noopener nofollow\">Facebook<\/a><\/p>\n<\/div><\/div>\n\n\n\n<div class=\"wp-block-media-text alignwide is-stacked-on-mobile\" style=\"grid-template-columns:18% auto\"><figure class=\"wp-block-media-text__media\"><a href=\"https:\/\/eprofcor.com\/\" target=\"_blank\" rel=\"noopener\"><img decoding=\"async\" src=\"https:\/\/forestfireprotection.com\/sp\/wp-content\/themes\/veen\/assets\/images\/transparent.gif\" data-lazy=\"true\" data-src=\"https:\/\/forestfireprotection.com\/wp-content\/uploads\/2021\/12\/EPROFCOR-LOGO-1024x447.png\" alt=\"\" class=\"wp-image-734 size-full\"\/><\/a><\/figure><div class=\"wp-block-media-text__content\">\n<p>Ovar Forma es la propietaria de la Escola Profissional de Cortega\u00e7a, una escuela de formaci\u00f3n profesional. Su objetivo es desarrollar el aprendizaje, la investigaci\u00f3n y la formaci\u00f3n para<\/p>\n\n\n\n<ul class=\"wp-block-list\"><li>contribuir al desarrollo de los ciudadanos a trav\u00e9s de una adecuada preparaci\u00f3n para la vida profesional activa<\/li><li>promover el acercamiento entre las escuelas y las empresas<\/li><li>analizar las necesidades regionales en materia de aprendizaje<\/li><li>promover oportunidades de aprendizaje y cooperar con las instituciones nacionales y extranjeras en el desarrollo de la EFP.<\/li><\/ul>\n\n\n\n<p>Progresivamente, la cualificaci\u00f3n profesional proporcionada por la instituci\u00f3n se convirti\u00f3 en un medio importante para hacer frente al mercado competitivo, que demanda recursos humanos m\u00e1s cualificados. Esta instituci\u00f3n da respuesta a esta nueva necesidad, permitiendo a los estudiantes obtener una mejor cualificaci\u00f3n m\u00e1s orientada al mundo laboral.<\/p>\n\n\n\n<p><a href=\"https:\/\/eprofcor.com\/\" target=\"_blank\" rel=\"noreferrer noopener nofollow\">Web<\/a> &#8211; <a href=\"https:\/\/www.facebook.com\/escolaprofissionaldecortegaca\/\" target=\"_blank\" rel=\"noreferrer noopener nofollow\">Facebook<\/a> &#8211; <a href=\"https:\/\/www.instagram.com\/instaeprofcor\/\" target=\"_blank\" rel=\"noreferrer noopener nofollow\">Instagram<\/a><\/p>\n<\/div><\/div>\n\n\n\n<div class=\"wp-block-media-text alignwide is-stacked-on-mobile\" style=\"grid-template-columns:18% auto\"><figure class=\"wp-block-media-text__media\"><a href=\"https:\/\/cesie.org\/en\/\" target=\"_blank\" rel=\"noopener\"><img decoding=\"async\" src=\"https:\/\/forestfireprotection.com\/sp\/wp-content\/themes\/veen\/assets\/images\/transparent.gif\" data-lazy=\"true\" data-src=\"https:\/\/forestfireprotection.com\/wp-content\/uploads\/2021\/12\/cesie-logo-trasparent-vertical-RGB.png\" alt=\"\" class=\"wp-image-738 size-full\"\/><\/a><\/figure><div class=\"wp-block-media-text__content\">\n<p class=\"has-drop-cap\">CESIE es una organizaci\u00f3n no gubernamental, creada en 2001, inspirada en la obra y las teor\u00edas del soci\u00f3logo italiano Danilo Dolci (1924-1997). CESIE contribuye a la participaci\u00f3n activa de las personas, las sociedades civiles y las instituciones a trav\u00e9s de la ejecuci\u00f3n de proyectos sobre diversas \u00e1reas tem\u00e1ticas, hacia la<br>promoci\u00f3n del crecimiento y el desarrollo, valorando siempre la diversidad en el respeto de la \u00e9tica y el desarrollo humano.<\/p>\n\n\n\n<p>Como centro europeo de estudios e iniciativas, la organizaci\u00f3n se dedica a la promoci\u00f3n de la investigaci\u00f3n y el desarrollo para aumentar y mejorar los procesos de innovaci\u00f3n orientados al futuro en los \u00e1mbitos educativo, social, econ\u00f3mico y cultural, creyendo en la transversalidad de las organizaciones que cooperan dentro de campos y sectores heterog\u00e9neos.<br>Nuestra misi\u00f3n es promover el crecimiento a trav\u00e9s de enfoques educativos innovadores y participativos<\/p>\n\n\n\n<p class=\"has-drop-cap\"><\/p>\n\n\n\n<p>Para cumplir su misi\u00f3n, CESIE persigue los siguientes objetivos<\/p>\n\n\n\n<ul class=\"wp-block-list\"><li>Mejorar la educaci\u00f3n permanente en Europa a trav\u00e9s de proyectos transnacionales con la participaci\u00f3n de las comunidades locales<\/li><li>Promover el desarrollo sostenible de las regiones vecinas y m\u00e1s all\u00e1 a trav\u00e9s de la formaci\u00f3n y la educaci\u00f3n<\/li><li>Fomentar el progreso y la innovaci\u00f3n en la educaci\u00f3n superior y la investigaci\u00f3n<\/li><li>Apoyar la movilidad en el aprendizaje de personas de todas las edades, a trav\u00e9s de las fronteras y los sectores<\/li><li>Estimular el crecimiento local mediante la adaptaci\u00f3n de buenas pr\u00e1cticas y m\u00e9todos internacionales<\/li><\/ul>\n\n\n\n<p><a href=\"https:\/\/cesie.org\/en\/\" target=\"_blank\" rel=\"noreferrer noopener nofollow\">Web<\/a> &#8211; <a href=\"https:\/\/www.facebook.com\/cesie.ngo\/\" target=\"_blank\" rel=\"noreferrer noopener nofollow\">Facebook<\/a> &#8211; <a href=\"https:\/\/twitter.com\/cesieong\" target=\"_blank\" rel=\"noreferrer noopener nofollow\">Twitter<\/a> &#8211; <a href=\"https:\/\/www.instagram.com\/cesie.ngo\" target=\"_blank\" rel=\"noreferrer noopener nofollow\">Instagram<\/a> &#8211; <a href=\"https:\/\/www.youtube.com\/channel\/UCjcQpd8tm-wHmhYwg--8Arw\" target=\"_blank\" rel=\"noreferrer noopener nofollow\">Youtube<\/a> &#8211; <a href=\"https:\/\/www.linkedin.com\/company\/cesie\/mycompany\/\" target=\"_blank\" rel=\"noreferrer noopener nofollow\">LinkedIn<\/a><\/p>\n<\/div><\/div>\n\n\n\n<div class=\"wp-block-media-text alignwide is-stacked-on-mobile\"><figure class=\"wp-block-media-text__media\"><img decoding=\"async\" width=\"1024\" height=\"215\" src=\"https:\/\/forestfireprotection.com\/sp\/wp-content\/themes\/veen\/assets\/images\/transparent.gif\" data-lazy=\"true\" data-src=\"https:\/\/forestfireprotection.com\/sp\/wp-content\/uploads\/2021\/11\/ES-Cofinanciado-por-la-Uni\u0e02n-Europea_POS-1024x215.png\" alt=\"\" class=\"wp-image-807 size-full\" data-srcset=\"https:\/\/forestfireprotection.com\/sp\/wp-content\/uploads\/2021\/11\/ES-Cofinanciado-por-la-Uni\u0e02n-Europea_POS-1024x215.png 1024w, https:\/\/forestfireprotection.com\/sp\/wp-content\/uploads\/2021\/11\/ES-Cofinanciado-por-la-Uni\u0e02n-Europea_POS-300x63.png 300w, https:\/\/forestfireprotection.com\/sp\/wp-content\/uploads\/2021\/11\/ES-Cofinanciado-por-la-Uni\u0e02n-Europea_POS-768x161.png 768w, https:\/\/forestfireprotection.com\/sp\/wp-content\/uploads\/2021\/11\/ES-Cofinanciado-por-la-Uni\u0e02n-Europea_POS-1536x322.png 1536w, https:\/\/forestfireprotection.com\/sp\/wp-content\/uploads\/2021\/11\/ES-Cofinanciado-por-la-Uni\u0e02n-Europea_POS-2048x429.png 2048w, https:\/\/forestfireprotection.com\/sp\/wp-content\/uploads\/2021\/11\/ES-Cofinanciado-por-la-Uni\u0e02n-Europea_POS-100x21.png 100w, https:\/\/forestfireprotection.com\/sp\/wp-content\/uploads\/2021\/11\/ES-Cofinanciado-por-la-Uni\u0e02n-Europea_POS-700x147.png 700w, https:\/\/forestfireprotection.com\/sp\/wp-content\/uploads\/2021\/11\/ES-Cofinanciado-por-la-Uni\u0e02n-Europea_POS-1600x335.png 1600w\" data-sizes=\"(max-width: 1024px) 100vw, 1024px\" \/><\/figure><div class=\"wp-block-media-text__content\">\n<blockquote class=\"wp-block-quote is-layout-flow wp-block-quote-is-layout-flow\"><p>El apoyo de la Comisi\u00f3n Europea a la elaboraci\u00f3n de estos contenidos no constituye una aprobaci\u00f3n de los mismos, que reflejan \u00fanicamente la opini\u00f3n de los autores, y la Comisi\u00f3n no se hace responsable del uso que pueda hacerse de la informaci\u00f3n contenida en ellos.<\/p><cite><a href=\"https:\/\/erasmus-plus.ec.europa.eu\/\" target=\"_blank\" rel=\"noreferrer noopener\">Erasmus+<\/a><\/cite><\/blockquote>\n<\/div><\/div>\n","protected":false},"excerpt":{"rendered":"<p>Estos son los socios del proyecto Erasmus+ \u00abTraining for self-protection against forest fires in rural areas\u00bb con n\u00famero de proyecto 2021-1-DE02-KA220-ADU-000028430. L4Y Learning For Youth&#8230;<\/p>\n","protected":false},"author":1,"featured_media":0,"parent":0,"menu_order":0,"comment_status":"closed","ping_status":"closed","template":"page-templates\/page-fullwidth.php","meta":{"footnotes":""},"class_list":["post-598","page","type-page","status-publish","hentry"],"yoast_head":"<!-- This site is optimized with the Yoast SEO plugin v21.7 - https:\/\/yoast.com\/wordpress\/plugins\/seo\/ -->\n<title>Socios - Autoprotecci\u00f3n contra incendios forestales<\/title>\n<meta name=\"robots\" content=\"index, follow, max-snippet:-1, max-image-preview:large, max-video-preview:-1\" \/>\n<link rel=\"canonical\" href=\"https:\/\/forestfireprotection.com\/sp\/socios\/\" \/>\n<meta property=\"og:locale\" content=\"es_ES\" \/>\n<meta property=\"og:type\" content=\"article\" \/>\n<meta property=\"og:title\" content=\"Socios - Autoprotecci\u00f3n contra incendios forestales\" \/>\n<meta property=\"og:description\" content=\"Estos son los socios del proyecto Erasmus+ \u00abTraining for self-protection against forest fires in rural areas\u00bb con n\u00famero de proyecto 2021-1-DE02-KA220-ADU-000028430. L4Y Learning For Youth...\" \/>\n<meta property=\"og:url\" content=\"https:\/\/forestfireprotection.com\/sp\/socios\/\" \/>\n<meta property=\"og:site_name\" content=\"Autoprotecci\u00f3n contra incendios forestales\" \/>\n<meta property=\"article:modified_time\" content=\"2022-02-14T19:51:59+00:00\" \/>\n<meta property=\"og:image\" content=\"https:\/\/forestfireprotection.com\/wp-content\/uploads\/2021\/11\/L4YBlack.png\" \/>\n<meta name=\"twitter:card\" content=\"summary_large_image\" \/>\n<meta name=\"twitter:label1\" content=\"Tiempo de lectura\" \/>\n\t<meta name=\"twitter:data1\" content=\"8 minutos\" \/>\n<script type=\"application\/ld+json\" class=\"yoast-schema-graph\">{\"@context\":\"https:\/\/schema.org\",\"@graph\":[{\"@type\":\"WebPage\",\"@id\":\"https:\/\/forestfireprotection.com\/sp\/socios\/\",\"url\":\"https:\/\/forestfireprotection.com\/sp\/socios\/\",\"name\":\"Socios - Autoprotecci\u00f3n contra incendios forestales\",\"isPartOf\":{\"@id\":\"https:\/\/forestfireprotection.com\/sp\/#website\"},\"datePublished\":\"2021-11-27T12:58:21+00:00\",\"dateModified\":\"2022-02-14T19:51:59+00:00\",\"breadcrumb\":{\"@id\":\"https:\/\/forestfireprotection.com\/sp\/socios\/#breadcrumb\"},\"inLanguage\":\"es\",\"potentialAction\":[{\"@type\":\"ReadAction\",\"target\":[\"https:\/\/forestfireprotection.com\/sp\/socios\/\"]}]},{\"@type\":\"BreadcrumbList\",\"@id\":\"https:\/\/forestfireprotection.com\/sp\/socios\/#breadcrumb\",\"itemListElement\":[{\"@type\":\"ListItem\",\"position\":1,\"name\":\"Home\",\"item\":\"https:\/\/forestfireprotection.com\/sp\/\"},{\"@type\":\"ListItem\",\"position\":2,\"name\":\"Socios\"}]},{\"@type\":\"WebSite\",\"@id\":\"https:\/\/forestfireprotection.com\/sp\/#website\",\"url\":\"https:\/\/forestfireprotection.com\/sp\/\",\"name\":\"Autoprotecci\u00f3n contra incendios forestales\",\"description\":\"Autoprotecci\u00f3n contra incendios forestales\",\"potentialAction\":[{\"@type\":\"SearchAction\",\"target\":{\"@type\":\"EntryPoint\",\"urlTemplate\":\"https:\/\/forestfireprotection.com\/sp\/?s={search_term_string}\"},\"query-input\":\"required name=search_term_string\"}],\"inLanguage\":\"es\"}]}<\/script>\n<!-- \/ Yoast SEO plugin. -->","yoast_head_json":{"title":"Socios - Autoprotecci\u00f3n contra incendios forestales","robots":{"index":"index","follow":"follow","max-snippet":"max-snippet:-1","max-image-preview":"max-image-preview:large","max-video-preview":"max-video-preview:-1"},"canonical":"https:\/\/forestfireprotection.com\/sp\/socios\/","og_locale":"es_ES","og_type":"article","og_title":"Socios - Autoprotecci\u00f3n contra incendios forestales","og_description":"Estos son los socios del proyecto Erasmus+ \u00abTraining for self-protection against forest fires in rural areas\u00bb con n\u00famero de proyecto 2021-1-DE02-KA220-ADU-000028430. L4Y Learning For Youth...","og_url":"https:\/\/forestfireprotection.com\/sp\/socios\/","og_site_name":"Autoprotecci\u00f3n contra incendios forestales","article_modified_time":"2022-02-14T19:51:59+00:00","og_image":[{"url":"https:\/\/forestfireprotection.com\/wp-content\/uploads\/2021\/11\/L4YBlack.png"}],"twitter_card":"summary_large_image","twitter_misc":{"Tiempo de lectura":"8 minutos"},"schema":{"@context":"https:\/\/schema.org","@graph":[{"@type":"WebPage","@id":"https:\/\/forestfireprotection.com\/sp\/socios\/","url":"https:\/\/forestfireprotection.com\/sp\/socios\/","name":"Socios - Autoprotecci\u00f3n contra incendios forestales","isPartOf":{"@id":"https:\/\/forestfireprotection.com\/sp\/#website"},"datePublished":"2021-11-27T12:58:21+00:00","dateModified":"2022-02-14T19:51:59+00:00","breadcrumb":{"@id":"https:\/\/forestfireprotection.com\/sp\/socios\/#breadcrumb"},"inLanguage":"es","potentialAction":[{"@type":"ReadAction","target":["https:\/\/forestfireprotection.com\/sp\/socios\/"]}]},{"@type":"BreadcrumbList","@id":"https:\/\/forestfireprotection.com\/sp\/socios\/#breadcrumb","itemListElement":[{"@type":"ListItem","position":1,"name":"Home","item":"https:\/\/forestfireprotection.com\/sp\/"},{"@type":"ListItem","position":2,"name":"Socios"}]},{"@type":"WebSite","@id":"https:\/\/forestfireprotection.com\/sp\/#website","url":"https:\/\/forestfireprotection.com\/sp\/","name":"Autoprotecci\u00f3n contra incendios forestales","description":"Autoprotecci\u00f3n contra incendios forestales","potentialAction":[{"@type":"SearchAction","target":{"@type":"EntryPoint","urlTemplate":"https:\/\/forestfireprotection.com\/sp\/?s={search_term_string}"},"query-input":"required name=search_term_string"}],"inLanguage":"es"}]}},"_links":{"self":[{"href":"https:\/\/forestfireprotection.com\/sp\/wp-json\/wp\/v2\/pages\/598","targetHints":{"allow":["GET"]}}],"collection":[{"href":"https:\/\/forestfireprotection.com\/sp\/wp-json\/wp\/v2\/pages"}],"about":[{"href":"https:\/\/forestfireprotection.com\/sp\/wp-json\/wp\/v2\/types\/page"}],"author":[{"embeddable":true,"href":"https:\/\/forestfireprotection.com\/sp\/wp-json\/wp\/v2\/users\/1"}],"replies":[{"embeddable":true,"href":"https:\/\/forestfireprotection.com\/sp\/wp-json\/wp\/v2\/comments?post=598"}],"version-history":[{"count":5,"href":"https:\/\/forestfireprotection.com\/sp\/wp-json\/wp\/v2\/pages\/598\/revisions"}],"predecessor-version":[{"id":810,"href":"https:\/\/forestfireprotection.com\/sp\/wp-json\/wp\/v2\/pages\/598\/revisions\/810"}],"wp:attachment":[{"href":"https:\/\/forestfireprotection.com\/sp\/wp-json\/wp\/v2\/media?parent=598"}],"curies":[{"name":"wp","href":"https:\/\/api.w.org\/{rel}","templated":true}]}}