{"id":43,"date":"2019-07-25T00:52:35","date_gmt":"2019-07-25T00:52:35","guid":{"rendered":"http:\/\/estudiopatagon.com\/themes\/wordpress\/veenv2\/?page_id=43"},"modified":"2022-02-14T19:51:39","modified_gmt":"2022-02-14T19:51:39","slug":"contact","status":"publish","type":"page","link":"https:\/\/forestfireprotection.com\/sp\/contact\/","title":{"rendered":"Cont\u00e1ctanos"},"content":{"rendered":"\n<p>L4Y Learning For Youth GmbH es el coordinador de \u00ab<meta charset=\"utf-8\"><meta charset=\"utf-8\"> <meta charset=\"utf-8\">L4Y Learning For Youth GmbH is the coordinator of <strong>\u201cTraining for self-protection against forest fires in rural areas\u201d<\/strong> with project number&nbsp;<strong>2021-1-DE02-KA220-ADU-000028430<\/strong>\u00bb con el n\u00famero de proyecto <strong>2021-1-DE02-KA220-ADU-000028430<\/strong>.<\/p>\n\n\n\n<div class=\"wp-block-media-text alignwide is-stacked-on-mobile\" style=\"grid-template-columns:18% auto\"><figure class=\"wp-block-media-text__media\"><a href=\"http:\/\/bosev.org\/iletisim\/\" target=\"_blank\" rel=\"noopener\"><img decoding=\"async\" width=\"1024\" height=\"256\" src=\"https:\/\/forestfireprotection.com\/sp\/wp-content\/themes\/veen\/assets\/images\/transparent.gif\" data-lazy=\"true\" data-src=\"https:\/\/forestfireprotection.com\/sp\/wp-content\/uploads\/2022\/01\/logo-4-GrowthCoop-1024x256.jpg\" alt=\"\" class=\"wp-image-748 size-full\" data-srcset=\"https:\/\/forestfireprotection.com\/sp\/wp-content\/uploads\/2022\/01\/logo-4-GrowthCoop-1024x256.jpg 1024w, https:\/\/forestfireprotection.com\/sp\/wp-content\/uploads\/2022\/01\/logo-4-GrowthCoop-300x75.jpg 300w, https:\/\/forestfireprotection.com\/sp\/wp-content\/uploads\/2022\/01\/logo-4-GrowthCoop-768x192.jpg 768w, https:\/\/forestfireprotection.com\/sp\/wp-content\/uploads\/2022\/01\/logo-4-GrowthCoop-100x25.jpg 100w, https:\/\/forestfireprotection.com\/sp\/wp-content\/uploads\/2022\/01\/logo-4-GrowthCoop-700x175.jpg 700w, https:\/\/forestfireprotection.com\/sp\/wp-content\/uploads\/2022\/01\/logo-4-GrowthCoop.jpg 1495w\" data-sizes=\"(max-width: 1024px) 100vw, 1024px\" \/><\/a><\/figure><div class=\"wp-block-media-text__content\">\n<p>Diputaci\u00f3n de Granada<br>Edificio CIE Modulo 10 Avenida de Andaluc\u00eda, S\/N<br>18015-Granada \/ SPAIN<br><strong>growthcoop@growtcoop.eu<\/strong><a href=\"http:\/\/bosev.org\" target=\"_blank\" rel=\"noreferrer noopener nofollow\"><br><\/a><a href=\"https:\/\/learningforyouth.com\" target=\"_blank\" rel=\"noreferrer noopener nofollow\">W<\/a><a href=\"https:\/\/www.growthcoop.eu\/\" target=\"_blank\" rel=\"noreferrer noopener nofollow\">eb<\/a> &#8211; <a href=\"https:\/\/www.facebook.com\/GrowthCoop\" target=\"_blank\" rel=\"noreferrer noopener nofollow\">Facebook<\/a><\/p>\n<\/div><\/div>\n\n\n\n<div class=\"wp-block-media-text alignwide is-stacked-on-mobile\"><figure class=\"wp-block-media-text__media\"><img decoding=\"async\" width=\"1024\" height=\"215\" src=\"https:\/\/forestfireprotection.com\/sp\/wp-content\/themes\/veen\/assets\/images\/transparent.gif\" data-lazy=\"true\" data-src=\"https:\/\/forestfireprotection.com\/sp\/wp-content\/uploads\/2021\/11\/ES-Cofinanciado-por-la-Uni\u0e02n-Europea_POS-1024x215.png\" alt=\"\" class=\"wp-image-807 size-full\" data-srcset=\"https:\/\/forestfireprotection.com\/sp\/wp-content\/uploads\/2021\/11\/ES-Cofinanciado-por-la-Uni\u0e02n-Europea_POS-1024x215.png 1024w, https:\/\/forestfireprotection.com\/sp\/wp-content\/uploads\/2021\/11\/ES-Cofinanciado-por-la-Uni\u0e02n-Europea_POS-300x63.png 300w, https:\/\/forestfireprotection.com\/sp\/wp-content\/uploads\/2021\/11\/ES-Cofinanciado-por-la-Uni\u0e02n-Europea_POS-768x161.png 768w, https:\/\/forestfireprotection.com\/sp\/wp-content\/uploads\/2021\/11\/ES-Cofinanciado-por-la-Uni\u0e02n-Europea_POS-1536x322.png 1536w, https:\/\/forestfireprotection.com\/sp\/wp-content\/uploads\/2021\/11\/ES-Cofinanciado-por-la-Uni\u0e02n-Europea_POS-2048x429.png 2048w, https:\/\/forestfireprotection.com\/sp\/wp-content\/uploads\/2021\/11\/ES-Cofinanciado-por-la-Uni\u0e02n-Europea_POS-100x21.png 100w, https:\/\/forestfireprotection.com\/sp\/wp-content\/uploads\/2021\/11\/ES-Cofinanciado-por-la-Uni\u0e02n-Europea_POS-700x147.png 700w, https:\/\/forestfireprotection.com\/sp\/wp-content\/uploads\/2021\/11\/ES-Cofinanciado-por-la-Uni\u0e02n-Europea_POS-1600x335.png 1600w\" data-sizes=\"(max-width: 1024px) 100vw, 1024px\" \/><\/figure><div class=\"wp-block-media-text__content\">\n<blockquote class=\"wp-block-quote is-layout-flow wp-block-quote-is-layout-flow\"><p>El apoyo de la Comisi\u00f3n Europea a la elaboraci\u00f3n de estos contenidos no constituye una aprobaci\u00f3n de los mismos, que reflejan \u00fanicamente la opini\u00f3n de los autores, y la Comisi\u00f3n no se hace responsable del uso que pueda hacerse de la informaci\u00f3n contenida en ellos.<\/p><cite><a href=\"https:\/\/erasmus-plus.ec.europa.eu\/\" target=\"_blank\" rel=\"noreferrer noopener\">Erasmus+<\/a><\/cite><\/blockquote>\n<\/div><\/div>\n","protected":false},"excerpt":{"rendered":"<p>L4Y Learning For Youth GmbH es el coordinador de \u00ab L4Y Learning For Youth GmbH is the coordinator of \u201cTraining for self-protection against forest fires&#8230;<\/p>\n","protected":false},"author":1,"featured_media":0,"parent":0,"menu_order":0,"comment_status":"closed","ping_status":"closed","template":"page-templates\/page-fullwidth.php","meta":{"footnotes":""},"class_list":["post-43","page","type-page","status-publish","hentry"],"yoast_head":"<!-- This site is optimized with the Yoast SEO plugin v21.7 - https:\/\/yoast.com\/wordpress\/plugins\/seo\/ -->\n<title>Cont\u00e1ctanos - Autoprotecci\u00f3n contra incendios forestales<\/title>\n<meta name=\"robots\" content=\"index, follow, max-snippet:-1, max-image-preview:large, max-video-preview:-1\" \/>\n<link rel=\"canonical\" href=\"https:\/\/forestfireprotection.com\/sp\/contact\/\" \/>\n<meta property=\"og:locale\" content=\"es_ES\" \/>\n<meta property=\"og:type\" content=\"article\" \/>\n<meta property=\"og:title\" content=\"Cont\u00e1ctanos - Autoprotecci\u00f3n contra incendios forestales\" \/>\n<meta property=\"og:description\" content=\"L4Y Learning For Youth GmbH es el coordinador de \u00ab L4Y Learning For Youth GmbH is the coordinator of \u201cTraining for self-protection against forest fires...\" \/>\n<meta property=\"og:url\" content=\"https:\/\/forestfireprotection.com\/sp\/contact\/\" \/>\n<meta property=\"og:site_name\" content=\"Autoprotecci\u00f3n contra incendios forestales\" \/>\n<meta property=\"article:modified_time\" content=\"2022-02-14T19:51:39+00:00\" \/>\n<meta property=\"og:image\" content=\"https:\/\/forestfireprotection.com\/sp\/wp-content\/uploads\/2022\/01\/logo-4-GrowthCoop-1024x256.jpg\" \/>\n<meta name=\"twitter:card\" content=\"summary_large_image\" \/>\n<meta name=\"twitter:label1\" content=\"Tiempo de lectura\" \/>\n\t<meta name=\"twitter:data1\" content=\"1 minuto\" \/>\n<script type=\"application\/ld+json\" class=\"yoast-schema-graph\">{\"@context\":\"https:\/\/schema.org\",\"@graph\":[{\"@type\":\"WebPage\",\"@id\":\"https:\/\/forestfireprotection.com\/sp\/contact\/\",\"url\":\"https:\/\/forestfireprotection.com\/sp\/contact\/\",\"name\":\"Cont\u00e1ctanos - Autoprotecci\u00f3n contra incendios forestales\",\"isPartOf\":{\"@id\":\"https:\/\/forestfireprotection.com\/sp\/#website\"},\"datePublished\":\"2019-07-25T00:52:35+00:00\",\"dateModified\":\"2022-02-14T19:51:39+00:00\",\"breadcrumb\":{\"@id\":\"https:\/\/forestfireprotection.com\/sp\/contact\/#breadcrumb\"},\"inLanguage\":\"es\",\"potentialAction\":[{\"@type\":\"ReadAction\",\"target\":[\"https:\/\/forestfireprotection.com\/sp\/contact\/\"]}]},{\"@type\":\"BreadcrumbList\",\"@id\":\"https:\/\/forestfireprotection.com\/sp\/contact\/#breadcrumb\",\"itemListElement\":[{\"@type\":\"ListItem\",\"position\":1,\"name\":\"Home\",\"item\":\"https:\/\/forestfireprotection.com\/sp\/\"},{\"@type\":\"ListItem\",\"position\":2,\"name\":\"Cont\u00e1ctanos\"}]},{\"@type\":\"WebSite\",\"@id\":\"https:\/\/forestfireprotection.com\/sp\/#website\",\"url\":\"https:\/\/forestfireprotection.com\/sp\/\",\"name\":\"Autoprotecci\u00f3n contra incendios forestales\",\"description\":\"Autoprotecci\u00f3n contra incendios forestales\",\"potentialAction\":[{\"@type\":\"SearchAction\",\"target\":{\"@type\":\"EntryPoint\",\"urlTemplate\":\"https:\/\/forestfireprotection.com\/sp\/?s={search_term_string}\"},\"query-input\":\"required name=search_term_string\"}],\"inLanguage\":\"es\"}]}<\/script>\n<!-- \/ Yoast SEO plugin. -->","yoast_head_json":{"title":"Cont\u00e1ctanos - Autoprotecci\u00f3n contra incendios forestales","robots":{"index":"index","follow":"follow","max-snippet":"max-snippet:-1","max-image-preview":"max-image-preview:large","max-video-preview":"max-video-preview:-1"},"canonical":"https:\/\/forestfireprotection.com\/sp\/contact\/","og_locale":"es_ES","og_type":"article","og_title":"Cont\u00e1ctanos - Autoprotecci\u00f3n contra incendios forestales","og_description":"L4Y Learning For Youth GmbH es el coordinador de \u00ab L4Y Learning For Youth GmbH is the coordinator of \u201cTraining for self-protection against forest fires...","og_url":"https:\/\/forestfireprotection.com\/sp\/contact\/","og_site_name":"Autoprotecci\u00f3n contra incendios forestales","article_modified_time":"2022-02-14T19:51:39+00:00","og_image":[{"url":"https:\/\/forestfireprotection.com\/sp\/wp-content\/uploads\/2022\/01\/logo-4-GrowthCoop-1024x256.jpg"}],"twitter_card":"summary_large_image","twitter_misc":{"Tiempo de lectura":"1 minuto"},"schema":{"@context":"https:\/\/schema.org","@graph":[{"@type":"WebPage","@id":"https:\/\/forestfireprotection.com\/sp\/contact\/","url":"https:\/\/forestfireprotection.com\/sp\/contact\/","name":"Cont\u00e1ctanos - Autoprotecci\u00f3n contra incendios forestales","isPartOf":{"@id":"https:\/\/forestfireprotection.com\/sp\/#website"},"datePublished":"2019-07-25T00:52:35+00:00","dateModified":"2022-02-14T19:51:39+00:00","breadcrumb":{"@id":"https:\/\/forestfireprotection.com\/sp\/contact\/#breadcrumb"},"inLanguage":"es","potentialAction":[{"@type":"ReadAction","target":["https:\/\/forestfireprotection.com\/sp\/contact\/"]}]},{"@type":"BreadcrumbList","@id":"https:\/\/forestfireprotection.com\/sp\/contact\/#breadcrumb","itemListElement":[{"@type":"ListItem","position":1,"name":"Home","item":"https:\/\/forestfireprotection.com\/sp\/"},{"@type":"ListItem","position":2,"name":"Cont\u00e1ctanos"}]},{"@type":"WebSite","@id":"https:\/\/forestfireprotection.com\/sp\/#website","url":"https:\/\/forestfireprotection.com\/sp\/","name":"Autoprotecci\u00f3n contra incendios forestales","description":"Autoprotecci\u00f3n contra incendios forestales","potentialAction":[{"@type":"SearchAction","target":{"@type":"EntryPoint","urlTemplate":"https:\/\/forestfireprotection.com\/sp\/?s={search_term_string}"},"query-input":"required name=search_term_string"}],"inLanguage":"es"}]}},"_links":{"self":[{"href":"https:\/\/forestfireprotection.com\/sp\/wp-json\/wp\/v2\/pages\/43","targetHints":{"allow":["GET"]}}],"collection":[{"href":"https:\/\/forestfireprotection.com\/sp\/wp-json\/wp\/v2\/pages"}],"about":[{"href":"https:\/\/forestfireprotection.com\/sp\/wp-json\/wp\/v2\/types\/page"}],"author":[{"embeddable":true,"href":"https:\/\/forestfireprotection.com\/sp\/wp-json\/wp\/v2\/users\/1"}],"replies":[{"embeddable":true,"href":"https:\/\/forestfireprotection.com\/sp\/wp-json\/wp\/v2\/comments?post=43"}],"version-history":[{"count":6,"href":"https:\/\/forestfireprotection.com\/sp\/wp-json\/wp\/v2\/pages\/43\/revisions"}],"predecessor-version":[{"id":809,"href":"https:\/\/forestfireprotection.com\/sp\/wp-json\/wp\/v2\/pages\/43\/revisions\/809"}],"wp:attachment":[{"href":"https:\/\/forestfireprotection.com\/sp\/wp-json\/wp\/v2\/media?parent=43"}],"curies":[{"name":"wp","href":"https:\/\/api.w.org\/{rel}","templated":true}]}}