{"id":594,"date":"2021-11-27T12:58:21","date_gmt":"2021-11-27T12:58:21","guid":{"rendered":"https:\/\/forestfireprotection.com\/?page_id=588"},"modified":"2022-02-16T11:08:42","modified_gmt":"2022-02-16T11:08:42","slug":"partner","status":"publish","type":"page","link":"https:\/\/forestfireprotection.com\/it\/partner\/","title":{"rendered":"Partner"},"content":{"rendered":"\n<p>Ecco i partner del progetto Erasmus+ &#8220;<strong>Training for self-protection against forest fires in rural areas<\/strong>&#8221; con numero di progetto <strong>2021-1-DE02-KA220-ADU-000028430<\/strong>.<\/p>\n\n\n\n<p><\/p>\n\n\n\n<div class=\"wp-block-media-text alignwide is-stacked-on-mobile\" style=\"grid-template-columns:18% auto\"><figure class=\"wp-block-media-text__media\"><a href=\"https:\/\/learningforyouth.com\" target=\"_blank\" rel=\"noopener\"><img decoding=\"async\" src=\"https:\/\/forestfireprotection.com\/it\/wp-content\/themes\/veen\/assets\/images\/transparent.gif\" data-lazy=\"true\" data-src=\"https:\/\/forestfireprotection.com\/wp-content\/uploads\/2021\/11\/L4YBlack.png\" alt=\"\" class=\"wp-image-700 size-full\"\/><\/a><\/figure><div class=\"wp-block-media-text__content\">\n<p class=\"has-drop-cap\">L4Y Learning For Youth lavora nel settore giovanile con gli obiettivi: migliorare la consapevolezza dei giovani con le tecnologie emergenti; migliorare le competenze dei giovani per i (futuri) lavori; aiutare a risolvere il problema dell&#8217;integrazione di rifugiati, richiedenti asilo e immigrati;<br><a href=\"https:\/\/learningforyouth.com\" target=\"_blank\" rel=\"noreferrer noopener nofollow\">Web<\/a> &#8211; <a href=\"https:\/\/www.facebook.com\/Learning4Youth\" target=\"_blank\" rel=\"noreferrer noopener nofollow\">Facebook<\/a> &#8211; <a href=\"https:\/\/twitter.com\/learning4youth\" target=\"_blank\" rel=\"noreferrer noopener nofollow\">Twitter<\/a> &#8211; <a href=\"https:\/\/instagram.com\/learning4youth\" target=\"_blank\" rel=\"noreferrer noopener nofollow\">Instagram<\/a> &#8211; <a href=\"https:\/\/www.youtube.com\/channel\/UCre-KOaa9c-s1M5bX6URv-g\" target=\"_blank\" rel=\"noreferrer noopener nofollow\">Youtube<\/a><\/p>\n<\/div><\/div>\n\n\n\n<div class=\"wp-block-media-text alignwide is-stacked-on-mobile\" style=\"grid-template-columns:18% auto\"><figure class=\"wp-block-media-text__media\"><a href=\"http:\/\/bosev.org\" target=\"_blank\" rel=\"noopener\"><img decoding=\"async\" src=\"https:\/\/forestfireprotection.com\/it\/wp-content\/themes\/veen\/assets\/images\/transparent.gif\" data-lazy=\"true\" data-src=\"https:\/\/forestfireprotection.com\/wp-content\/uploads\/2021\/11\/bosev-logo-BUYUK-copy.png\" alt=\"\" class=\"wp-image-691 size-full\"\/><\/a><\/figure><div class=\"wp-block-media-text__content\">\n<p>Buyuk Ortadogu Saglik ve Egitim Vakfi (BOSEV, Fondazione di ricerca) di Ankara\/Turchia \u00e8 stata fondata come struttura ombrello nel 2009 da un gruppo di professionisti che lavorano nel campo medico, in aggiunta ad altri settori come l&#8217;istruzione, lo sport, il mondo degli affari e l&#8217;ICT. BOSEV mira a sostenere gli sviluppi della ricerca nei settori della medicina e dell&#8217;istruzione con la sua ricca capacit\u00e0 di personale e il suo background di alto profilo. Per quanto riguarda questo obiettivo, BOSEV ospita pubblicazioni mediche con riviste mediche periodiche; ha 50 professionisti del consiglio di amministrazione e 100 membri che forniscono un supporto volontario continuo e vario; e trasferisce l&#8217;esperienza e la capacit\u00e0 di oltre 1000 collaboratori che lavorano negli ospedali BOSEV, nei centri medici, nelle cliniche e in una societ\u00e0 di media. Il nostro team si concentra sullo sviluppo e l&#8217;introduzione di soluzioni per problemi sistemici sociali, educativi ed economici. Queste soluzioni sono sviluppate attraverso vari livelli di interazione con le parti interessate. Crediamo che la qualit\u00e0 della vita migliori quando il processo di innovazione sociale viene sfruttato per raggiungere la giustizia sociale, risolvere problemi sistemici e sviluppare soluzioni che possono fornire opportunit\u00e0 per gli individui e le organizzazioni.<br><a href=\"http:\/\/bosev.org\" target=\"_blank\" rel=\"noreferrer noopener nofollow\">Web<\/a> &#8211; <a href=\"https:\/\/www.facebook.com\/bosevorg\" target=\"_blank\" rel=\"noreferrer noopener nofollow\">Facebook<\/a> &#8211; <a href=\"https:\/\/twitter.com\/bosevorg\" target=\"_blank\" rel=\"noreferrer noopener nofollow\">Twitter<\/a> &#8211; <a href=\"https:\/\/www.linkedin.com\/in\/bosev-370341178\/\" target=\"_blank\" rel=\"noreferrer noopener nofollow\">Linkedin<\/a> &#8211; <a href=\"https:\/\/www.instagram.com\/bosevvakfi\/\" target=\"_blank\" rel=\"noreferrer noopener nofollow\">Instagram<\/a><\/p>\n<\/div><\/div>\n\n\n\n<div class=\"wp-block-media-text alignwide is-stacked-on-mobile\" style=\"grid-template-columns:18% auto\"><figure class=\"wp-block-media-text__media\"><a href=\"https:\/\/www.growthcoop.eu\/\" target=\"_blank\" rel=\"noopener\"><img decoding=\"async\" src=\"https:\/\/forestfireprotection.com\/it\/wp-content\/themes\/veen\/assets\/images\/transparent.gif\" data-lazy=\"true\" data-src=\"https:\/\/forestfireprotection.com\/wp-content\/uploads\/2021\/11\/logo-4-GrowthCoop-1024x256.jpg\" alt=\"\" class=\"wp-image-695 size-full\"\/><\/a><\/figure><div class=\"wp-block-media-text__content\">\n<p class=\"has-drop-cap\">GrowthCoop \u00e8 un&#8217;organizzazione recente ma i suoi membri hanno una lunga esperienza nei progetti europei. La nostra passione \u00e8 sviluppare le capacit\u00e0 e le competenze delle persone; crediamo davvero che la base dello sviluppo della nostra societ\u00e0 sia lo sviluppo delle persone e delle organizzazioni. Lavoriamo con persone provenienti da diversi settori economici e contesti, promuovendo l&#8217;inclusione sociale. Promuovendo valori come l&#8217;imprenditorialit\u00e0 sociale, l&#8217;interculturalit\u00e0, la sostenibilit\u00e0, la protezione dell&#8217;ambiente, l&#8217;economia circolare, e altri, faremo una vita migliore per le nostre generazioni future.<br><a href=\"https:\/\/www.growthcoop.eu\/\" target=\"_blank\" rel=\"noreferrer noopener nofollow\">Web<\/a> &#8211; <a href=\"https:\/\/www.facebook.com\/GrowthCoop\" target=\"_blank\" rel=\"noreferrer noopener nofollow\">Facebook<\/a><\/p>\n<\/div><\/div>\n\n\n\n<div class=\"wp-block-media-text alignwide is-stacked-on-mobile\" style=\"grid-template-columns:18% auto\"><figure class=\"wp-block-media-text__media\"><a href=\"https:\/\/www.citizensinpower.org\/\" target=\"_blank\" rel=\"noopener\"><img decoding=\"async\" src=\"https:\/\/forestfireprotection.com\/it\/wp-content\/themes\/veen\/assets\/images\/transparent.gif\" data-lazy=\"true\" data-src=\"https:\/\/forestfireprotection.com\/wp-content\/uploads\/2021\/11\/cip-logo-1-1024x386.png\" alt=\"\" class=\"wp-image-720 size-full\"\/><\/a><\/figure><div class=\"wp-block-media-text__content\">\n<p class=\"has-drop-cap\">Citizens In Power (CIP) \u00e8 un&#8217;organizzazione indipendente senza scopo di lucro e non governativa di Cipro che affronta i bisogni e le richieste delle persone attraverso il loro coinvolgimento nella vita sociale e civica, fornendo loro contemporaneamente materiale innovativo e formazione gratuita relativi a una variet\u00e0 di campi, come l&#8217;istruzione (compresa l&#8217;istruzione online), l&#8217;inclusione, l&#8217;imprenditorialit\u00e0 e il business, la cultura, il mercato del lavoro e l&#8217;apprendimento permanente.<br>Il CIP mira principalmente allo sviluppo dell&#8217;istruzione, dell&#8217;imprenditorialit\u00e0 e dell&#8217;apprendimento permanente a Cipro e all&#8217;estero. Per raggiungere questi obiettivi il CIP ha una collaborazione continua con le principali universit\u00e0, scuole, ONG e organizzazioni di ricerca a Cipro per lo sviluppo di progetti, formazione e materiale educativo. Il CIP mantiene una preziosa rete di formatori professionisti ed esperti educativi con esperienza nell&#8217;educazione formale e non formale.<\/p>\n\n\n\n<p><a href=\"https:\/\/www.citizensinpower.org\/\" target=\"_blank\" rel=\"noreferrer noopener nofollow\">Web<\/a> &#8211; <a href=\"https:\/\/www.facebook.com\/citizensinpower\" target=\"_blank\" rel=\"noreferrer noopener nofollow\">Facebook<\/a> &#8211; <a href=\"https:\/\/www.instagram.com\/citizensinpower\/\" target=\"_blank\" rel=\"noreferrer noopener nofollow\">Instagram<\/a> &#8211; <a href=\"https:\/\/www.youtube.com\/c\/CitizensInPower\" target=\"_blank\" rel=\"noreferrer noopener nofollow\">Youtube<\/a><\/p>\n<\/div><\/div>\n\n\n\n<div class=\"wp-block-media-text alignwide is-stacked-on-mobile\" style=\"grid-template-columns:18% auto\"><figure class=\"wp-block-media-text__media\"><img decoding=\"async\" src=\"https:\/\/forestfireprotection.com\/it\/wp-content\/themes\/veen\/assets\/images\/transparent.gif\" data-lazy=\"true\" data-src=\"https:\/\/forestfireprotection.com\/wp-content\/uploads\/2021\/12\/logo-kmop-EN_2-1024x423.png\" alt=\"\" class=\"wp-image-728 size-full\"\/><\/figure><div class=\"wp-block-media-text__content\">\n<p class=\"has-drop-cap\">KMOP &#8211; Social Action and Innovation Centre \u00e8 un&#8217;organizzazione no-profit, con sede ad Atene, Grecia, con pi\u00f9 di 40 anni di esperienza nello sviluppo sostenibile, nella crescita sociale, nella protezione dei diritti umani, nell&#8217;inclusione sociale e nella ricerca politica. Si concentra sulla costruzione della resilienza delle persone, combattendo le disuguaglianze e sostenendo una crescita inclusiva e sostenibile attraverso lo sviluppo e l&#8217;attuazione di una variet\u00e0 di strumenti innovativi, programmi e politiche. Oltre alla fornitura diretta di servizi sociali, l&#8217;esperienza di KMOP riguarda la progettazione e l&#8217;attuazione di programmi d&#8217;impatto nei settori dell&#8217;istruzione, della migrazione, della protezione dei diritti umani, dell&#8217;occupazione, della salute mentale e dell&#8217;economia sociale.<\/p>\n\n\n\n<p>KMOP \u00e8 il coordinatore del progetto POLITEIA. Nel campo dell&#8217;educazione, l&#8217;organizzazione ha una grande esperienza nell&#8217;implementazione di progetti rilevanti e ha stabilito una continua collaborazione di successo con il Ministero dell&#8217;Educazione ellenico e la Fondazione per l&#8217;Educazione all&#8217;Apprendimento Permanente della Giovent\u00f9. Inoltre, KMOP \u00e8 stata a lungo impegnata nella realizzazione di programmi di apprendimento permanente, non formale e di capacity building per persone socialmente vulnerabili.<\/p>\n\n\n\n<p><a href=\"https:\/\/www.kmop.gr\/\" target=\"_blank\" rel=\"noreferrer noopener nofollow\">Web<\/a> &#8211; <a href=\"https:\/\/www.facebook.com\/kmop.eu\/\" target=\"_blank\" rel=\"noreferrer noopener nofollow\">Facebook<\/a> &#8211; <a href=\"https:\/\/www.instagram.com\/kmop_ngo\/\" target=\"_blank\" rel=\"noreferrer noopener nofollow\">Instagram<\/a> &#8211; <a href=\"https:\/\/twitter.com\/kmop_ngo\" target=\"_blank\" rel=\"noreferrer noopener nofollow\">Twitter<\/a> &#8211; <a href=\"https:\/\/www.youtube.com\/channel\/UCHIq1YO8QxXiuPQcwi78i2w\" target=\"_blank\" rel=\"noreferrer noopener nofollow\">Youtube<\/a><\/p>\n<\/div><\/div>\n\n\n\n<div class=\"wp-block-media-text alignwide is-stacked-on-mobile\" style=\"grid-template-columns:18% auto\"><figure class=\"wp-block-media-text__media\"><a href=\"http:\/\/spel.com.pt\/\" target=\"_blank\" rel=\"noopener\"><img decoding=\"async\" src=\"https:\/\/forestfireprotection.com\/it\/wp-content\/themes\/veen\/assets\/images\/transparent.gif\" data-lazy=\"true\" data-src=\"https:\/\/forestfireprotection.com\/wp-content\/uploads\/2021\/12\/logo-SPEL.png\" alt=\"\" class=\"wp-image-732 size-full\"\/><\/a><\/figure><div class=\"wp-block-media-text__content\">\n<p class=\"has-drop-cap\">Fondata nel 1990, SPEL significa &#8220;Societ\u00e0 per la Promozione degli Stabilimenti Scolastici&#8221;. Fu costituita da un gruppo di insegnanti esperti, che volevano creare scuole che non solo insegnassero agli studenti, ma che li assistessero anche psicologicamente e socialmente. Perci\u00f2 crearono una scuola per la formazione professionale e la collocarono strategicamente in una regione con alta disoccupazione e problemi sociali.<\/p>\n\n\n\n<p>Nei suoi 29 anni di esistenza, SPEL ha ampliato le sue buone pratiche acquisendo la partecipazione in altre scuole situate in aree problematiche.<\/p>\n\n\n\n<p>Queste scuole sono ora amministrate da un team con esperienza di lavoro con giovani e adulti di ambienti difficili e il principio di azione \u00e8 l&#8217;impegno di tutto il personale della scuola nel fornire soluzioni caso per caso ai problemi degli studenti.<\/p>\n\n\n\n<p><a href=\"https:\/\/spel.com.pt\/\" target=\"_blank\" rel=\"noreferrer noopener nofollow\">Web<\/a> &#8211; <a href=\"https:\/\/www.facebook.com\/SPEL1990\/\" target=\"_blank\" rel=\"noreferrer noopener nofollow\">Facebook<\/a><\/p>\n<\/div><\/div>\n\n\n\n<div class=\"wp-block-media-text alignwide is-stacked-on-mobile\" style=\"grid-template-columns:18% auto\"><figure class=\"wp-block-media-text__media\"><a href=\"https:\/\/eprofcor.com\/\" target=\"_blank\" rel=\"noopener\"><img decoding=\"async\" src=\"https:\/\/forestfireprotection.com\/it\/wp-content\/themes\/veen\/assets\/images\/transparent.gif\" data-lazy=\"true\" data-src=\"https:\/\/forestfireprotection.com\/wp-content\/uploads\/2021\/12\/EPROFCOR-LOGO-1024x447.png\" alt=\"\" class=\"wp-image-734 size-full\"\/><\/a><\/figure><div class=\"wp-block-media-text__content\">\n<p class=\"has-drop-cap\">Ovar Forma \u00e8 il proprietario della Escola Profissional de Cortega\u00e7a, una scuola di formazione professionale. Mira a sviluppare l&#8217;apprendimento, l&#8217;indagine e la formazione per<\/p>\n\n\n\n<ul class=\"wp-block-list\"><li>contribuire allo sviluppo dei cittadini attraverso un&#8217;adeguata preparazione alla vita professionale attiva;<\/li><li>promuovere l&#8217;approccio tra scuole e imprese;<\/li><li>analizzare le necessit\u00e0 regionali in termini di apprendimento;<\/li><li>promuovere opportunit\u00e0 di apprendimento e cooperare con le istituzioni nazionali ed estere nello sviluppo della VET.<\/li><\/ul>\n\n\n\n<p>Progressivamente, la qualificazione professionale fornita dall&#8217;istituzione \u00e8 diventata un mezzo importante per affrontare il mercato competitivo, che richiede risorse umane pi\u00f9 qualificate. Questa istituzione fornisce la risposta a questa nuova necessit\u00e0, permettendo agli studenti di ottenere una migliore qualificazione pi\u00f9 orientata al mondo del lavoro.<\/p>\n\n\n\n<p><a href=\"https:\/\/eprofcor.com\/\" target=\"_blank\" rel=\"noreferrer noopener nofollow\">Web<\/a> &#8211; <a href=\"https:\/\/www.facebook.com\/escolaprofissionaldecortegaca\/\" target=\"_blank\" rel=\"noreferrer noopener nofollow\">Facebook<\/a> &#8211; <a href=\"https:\/\/www.instagram.com\/instaeprofcor\/\" target=\"_blank\" rel=\"noreferrer noopener nofollow\">Instagram<\/a><\/p>\n<\/div><\/div>\n\n\n\n<div class=\"wp-block-media-text alignwide is-stacked-on-mobile\" style=\"grid-template-columns:18% auto\"><figure class=\"wp-block-media-text__media\"><a href=\"https:\/\/cesie.org\/en\/\" target=\"_blank\" rel=\"noopener\"><img decoding=\"async\" src=\"https:\/\/forestfireprotection.com\/it\/wp-content\/themes\/veen\/assets\/images\/transparent.gif\" data-lazy=\"true\" data-src=\"https:\/\/forestfireprotection.com\/wp-content\/uploads\/2021\/12\/cesie-logo-trasparent-vertical-RGB.png\" alt=\"\" class=\"wp-image-738 size-full\"\/><\/a><\/figure><div class=\"wp-block-media-text__content\">\n<p>Il CESIE \u00e8 un&#8217;organizzazione non governativa, fondata nel 2001, ispirata al lavoro e alle teorie del sociologo italiano Danilo Dolci (1924-1997). Il CESIE contribuisce alla partecipazione attiva delle persone, delle societ\u00e0 civili e delle istituzioni attraverso la realizzazione di progetti su diverse aree tematiche, per<br>promozione della crescita e dello sviluppo, valorizzando sempre la diversit\u00e0 nel rispetto dell&#8217;etica e dello sviluppo umano.<\/p>\n\n\n\n<p class=\"has-drop-cap\"><br>Come centro europeo di studi e iniziative, l&#8217;organizzazione si dedica alla promozione della ricerca e dello sviluppo per aumentare e migliorare i processi di innovazione orientati al futuro in ambito educativo, sociale, economico e culturale, credendo nella trasversalit\u00e0 delle organizzazioni che cooperano in campi e settori eterogenei.<\/p>\n\n\n\n<p class=\"has-drop-cap\">La nostra missione \u00e8 quella di promuovere la crescita attraverso approcci educativi innovativi e partecipativi. Per realizzare la missione, il CESIE persegue i seguenti obiettivi:<br><\/p>\n\n\n\n<ul class=\"wp-block-list\"><li>Migliorare l&#8217;educazione permanente in Europa attraverso progetti transnazionali che coinvolgono le comunit\u00e0 locali<\/li><li>Promuovere lo sviluppo sostenibile delle regioni vicine e oltre attraverso la formazione e l&#8217;istruzione<\/li><li>Promuovere il progresso e l&#8217;innovazione nell&#8217;istruzione superiore e nella ricerca<\/li><li>Sostenere la mobilit\u00e0 dell&#8217;apprendimento per persone di tutte le et\u00e0, attraverso le frontiere e i settori<\/li><li>Stimolare la crescita locale adattando le buone pratiche e i metodi internazionali<\/li><\/ul>\n\n\n\n<p><a href=\"https:\/\/cesie.org\/en\/\" target=\"_blank\" rel=\"noreferrer noopener nofollow\">Web<\/a> &#8211; <a href=\"https:\/\/www.facebook.com\/cesie.ngo\/\" target=\"_blank\" rel=\"noreferrer noopener nofollow\">Facebook<\/a> &#8211; <a href=\"https:\/\/twitter.com\/cesieong\" target=\"_blank\" rel=\"noreferrer noopener nofollow\">Twitter<\/a> &#8211; <a href=\"https:\/\/www.instagram.com\/cesie.ngo\" target=\"_blank\" rel=\"noreferrer noopener nofollow\">Instagram<\/a> &#8211; <a href=\"https:\/\/www.youtube.com\/channel\/UCjcQpd8tm-wHmhYwg--8Arw\" target=\"_blank\" rel=\"noreferrer noopener nofollow\">Youtube<\/a> &#8211; <a href=\"https:\/\/www.linkedin.com\/company\/cesie\/mycompany\/\" target=\"_blank\" rel=\"noreferrer noopener nofollow\">LinkedIn<\/a><\/p>\n<\/div><\/div>\n\n\n\n<div class=\"wp-block-media-text alignwide is-stacked-on-mobile\"><figure class=\"wp-block-media-text__media\"><img decoding=\"async\" width=\"1024\" height=\"215\" src=\"https:\/\/forestfireprotection.com\/it\/wp-content\/themes\/veen\/assets\/images\/transparent.gif\" data-lazy=\"true\" data-src=\"https:\/\/forestfireprotection.com\/it\/wp-content\/uploads\/2021\/11\/IT-Cofinanziato-dallUnione-europea_BLACK_POS-1024x215.png\" alt=\"\" class=\"wp-image-750 size-full\" data-srcset=\"https:\/\/forestfireprotection.com\/it\/wp-content\/uploads\/2021\/11\/IT-Cofinanziato-dallUnione-europea_BLACK_POS-1024x215.png 1024w, https:\/\/forestfireprotection.com\/it\/wp-content\/uploads\/2021\/11\/IT-Cofinanziato-dallUnione-europea_BLACK_POS-300x63.png 300w, https:\/\/forestfireprotection.com\/it\/wp-content\/uploads\/2021\/11\/IT-Cofinanziato-dallUnione-europea_BLACK_POS-768x161.png 768w, https:\/\/forestfireprotection.com\/it\/wp-content\/uploads\/2021\/11\/IT-Cofinanziato-dallUnione-europea_BLACK_POS-1536x322.png 1536w, https:\/\/forestfireprotection.com\/it\/wp-content\/uploads\/2021\/11\/IT-Cofinanziato-dallUnione-europea_BLACK_POS-2048x429.png 2048w, https:\/\/forestfireprotection.com\/it\/wp-content\/uploads\/2021\/11\/IT-Cofinanziato-dallUnione-europea_BLACK_POS-100x21.png 100w, https:\/\/forestfireprotection.com\/it\/wp-content\/uploads\/2021\/11\/IT-Cofinanziato-dallUnione-europea_BLACK_POS-700x147.png 700w, https:\/\/forestfireprotection.com\/it\/wp-content\/uploads\/2021\/11\/IT-Cofinanziato-dallUnione-europea_BLACK_POS-1600x335.png 1600w\" data-sizes=\"(max-width: 1024px) 100vw, 1024px\" \/><\/figure><div class=\"wp-block-media-text__content\">\n<blockquote class=\"wp-block-quote is-layout-flow wp-block-quote-is-layout-flow\"><p>Il sostegno della Commissione europea alla produzione di questa pubblicazione non costituisce<\/p><p>un&#8217;approvazione del contenuto, che riflette esclusivamente il punto di vista degli autori, e la Commissione<\/p><p>non pu\u00f2 essere ritenuta responsabile per l&#8217;uso che pu\u00f2 essere fatto delle informazioni ivi contenute.<\/p><cite><a href=\"https:\/\/erasmus-plus.ec.europa.eu\/\" target=\"_blank\" rel=\"noreferrer noopener nofollow\">Erasmus+<\/a><\/cite><\/blockquote>\n<\/div><\/div>\n","protected":false},"excerpt":{"rendered":"<p>Ecco i partner del progetto Erasmus+ &#8220;Training for self-protection against forest fires in rural areas&#8221; con numero di progetto 2021-1-DE02-KA220-ADU-000028430. L4Y Learning For Youth lavora&#8230;<\/p>\n","protected":false},"author":1,"featured_media":0,"parent":0,"menu_order":0,"comment_status":"closed","ping_status":"closed","template":"page-templates\/page-fullwidth.php","meta":{"footnotes":""},"class_list":["post-594","page","type-page","status-publish","hentry"],"yoast_head":"<!-- This site is optimized with the Yoast SEO plugin v21.7 - https:\/\/yoast.com\/wordpress\/plugins\/seo\/ -->\n<title>Partner - protezione contro gli incendi boschivi<\/title>\n<meta name=\"robots\" content=\"index, follow, max-snippet:-1, max-image-preview:large, max-video-preview:-1\" \/>\n<link rel=\"canonical\" href=\"https:\/\/forestfireprotection.com\/it\/partner\/\" \/>\n<meta property=\"og:locale\" content=\"it_IT\" \/>\n<meta property=\"og:type\" content=\"article\" \/>\n<meta property=\"og:title\" content=\"Partner - protezione contro gli incendi boschivi\" \/>\n<meta property=\"og:description\" content=\"Ecco i partner del progetto Erasmus+ &#8220;Training for self-protection against forest fires in rural areas&#8221; con numero di progetto 2021-1-DE02-KA220-ADU-000028430. L4Y Learning For Youth lavora...\" \/>\n<meta property=\"og:url\" content=\"https:\/\/forestfireprotection.com\/it\/partner\/\" \/>\n<meta property=\"og:site_name\" content=\"protezione contro gli incendi boschivi\" \/>\n<meta property=\"article:modified_time\" content=\"2022-02-16T11:08:42+00:00\" \/>\n<meta property=\"og:image\" content=\"https:\/\/forestfireprotection.com\/wp-content\/uploads\/2021\/11\/L4YBlack.png\" \/>\n<meta name=\"twitter:card\" content=\"summary_large_image\" \/>\n<meta name=\"twitter:label1\" content=\"Tempo di lettura stimato\" \/>\n\t<meta name=\"twitter:data1\" content=\"8 minuti\" \/>\n<script type=\"application\/ld+json\" class=\"yoast-schema-graph\">{\"@context\":\"https:\/\/schema.org\",\"@graph\":[{\"@type\":\"WebPage\",\"@id\":\"https:\/\/forestfireprotection.com\/it\/partner\/\",\"url\":\"https:\/\/forestfireprotection.com\/it\/partner\/\",\"name\":\"Partner - protezione contro gli incendi boschivi\",\"isPartOf\":{\"@id\":\"https:\/\/forestfireprotection.com\/it\/#website\"},\"datePublished\":\"2021-11-27T12:58:21+00:00\",\"dateModified\":\"2022-02-16T11:08:42+00:00\",\"breadcrumb\":{\"@id\":\"https:\/\/forestfireprotection.com\/it\/partner\/#breadcrumb\"},\"inLanguage\":\"it-IT\",\"potentialAction\":[{\"@type\":\"ReadAction\",\"target\":[\"https:\/\/forestfireprotection.com\/it\/partner\/\"]}]},{\"@type\":\"BreadcrumbList\",\"@id\":\"https:\/\/forestfireprotection.com\/it\/partner\/#breadcrumb\",\"itemListElement\":[{\"@type\":\"ListItem\",\"position\":1,\"name\":\"Home\",\"item\":\"https:\/\/forestfireprotection.com\/it\/\"},{\"@type\":\"ListItem\",\"position\":2,\"name\":\"Partner\"}]},{\"@type\":\"WebSite\",\"@id\":\"https:\/\/forestfireprotection.com\/it\/#website\",\"url\":\"https:\/\/forestfireprotection.com\/it\/\",\"name\":\"protezione contro gli incendi boschivi\",\"description\":\"Autoprotezione contro gli incendi boschivi\",\"potentialAction\":[{\"@type\":\"SearchAction\",\"target\":{\"@type\":\"EntryPoint\",\"urlTemplate\":\"https:\/\/forestfireprotection.com\/it\/?s={search_term_string}\"},\"query-input\":\"required name=search_term_string\"}],\"inLanguage\":\"it-IT\"}]}<\/script>\n<!-- \/ Yoast SEO plugin. -->","yoast_head_json":{"title":"Partner - protezione contro gli incendi boschivi","robots":{"index":"index","follow":"follow","max-snippet":"max-snippet:-1","max-image-preview":"max-image-preview:large","max-video-preview":"max-video-preview:-1"},"canonical":"https:\/\/forestfireprotection.com\/it\/partner\/","og_locale":"it_IT","og_type":"article","og_title":"Partner - protezione contro gli incendi boschivi","og_description":"Ecco i partner del progetto Erasmus+ &#8220;Training for self-protection against forest fires in rural areas&#8221; con numero di progetto 2021-1-DE02-KA220-ADU-000028430. L4Y Learning For Youth lavora...","og_url":"https:\/\/forestfireprotection.com\/it\/partner\/","og_site_name":"protezione contro gli incendi boschivi","article_modified_time":"2022-02-16T11:08:42+00:00","og_image":[{"url":"https:\/\/forestfireprotection.com\/wp-content\/uploads\/2021\/11\/L4YBlack.png"}],"twitter_card":"summary_large_image","twitter_misc":{"Tempo di lettura stimato":"8 minuti"},"schema":{"@context":"https:\/\/schema.org","@graph":[{"@type":"WebPage","@id":"https:\/\/forestfireprotection.com\/it\/partner\/","url":"https:\/\/forestfireprotection.com\/it\/partner\/","name":"Partner - protezione contro gli incendi boschivi","isPartOf":{"@id":"https:\/\/forestfireprotection.com\/it\/#website"},"datePublished":"2021-11-27T12:58:21+00:00","dateModified":"2022-02-16T11:08:42+00:00","breadcrumb":{"@id":"https:\/\/forestfireprotection.com\/it\/partner\/#breadcrumb"},"inLanguage":"it-IT","potentialAction":[{"@type":"ReadAction","target":["https:\/\/forestfireprotection.com\/it\/partner\/"]}]},{"@type":"BreadcrumbList","@id":"https:\/\/forestfireprotection.com\/it\/partner\/#breadcrumb","itemListElement":[{"@type":"ListItem","position":1,"name":"Home","item":"https:\/\/forestfireprotection.com\/it\/"},{"@type":"ListItem","position":2,"name":"Partner"}]},{"@type":"WebSite","@id":"https:\/\/forestfireprotection.com\/it\/#website","url":"https:\/\/forestfireprotection.com\/it\/","name":"protezione contro gli incendi boschivi","description":"Autoprotezione contro gli incendi boschivi","potentialAction":[{"@type":"SearchAction","target":{"@type":"EntryPoint","urlTemplate":"https:\/\/forestfireprotection.com\/it\/?s={search_term_string}"},"query-input":"required name=search_term_string"}],"inLanguage":"it-IT"}]}},"_links":{"self":[{"href":"https:\/\/forestfireprotection.com\/it\/wp-json\/wp\/v2\/pages\/594","targetHints":{"allow":["GET"]}}],"collection":[{"href":"https:\/\/forestfireprotection.com\/it\/wp-json\/wp\/v2\/pages"}],"about":[{"href":"https:\/\/forestfireprotection.com\/it\/wp-json\/wp\/v2\/types\/page"}],"author":[{"embeddable":true,"href":"https:\/\/forestfireprotection.com\/it\/wp-json\/wp\/v2\/users\/1"}],"replies":[{"embeddable":true,"href":"https:\/\/forestfireprotection.com\/it\/wp-json\/wp\/v2\/comments?post=594"}],"version-history":[{"count":3,"href":"https:\/\/forestfireprotection.com\/it\/wp-json\/wp\/v2\/pages\/594\/revisions"}],"predecessor-version":[{"id":762,"href":"https:\/\/forestfireprotection.com\/it\/wp-json\/wp\/v2\/pages\/594\/revisions\/762"}],"wp:attachment":[{"href":"https:\/\/forestfireprotection.com\/it\/wp-json\/wp\/v2\/media?parent=594"}],"curies":[{"name":"wp","href":"https:\/\/api.w.org\/{rel}","templated":true}]}}