{"id":851,"date":"2022-01-09T18:18:36","date_gmt":"2022-01-09T18:18:36","guid":{"rendered":"https:\/\/forestfireprotection.com\/de\/?page_id=851"},"modified":"2022-01-15T21:08:56","modified_gmt":"2022-01-15T21:08:56","slug":"geschaftsbedingungen","status":"publish","type":"page","link":"https:\/\/forestfireprotection.com\/de\/geschaftsbedingungen\/","title":{"rendered":"Gesch\u00e4ftsbedingungen"},"content":{"rendered":"\n<p><strong>Wer wir sind<\/strong><br>Wir sind eine Gruppe von Partnern des von Erasmus+ gef\u00f6rderten Projekts &#8222;Training for self-protection against forest fires in rural areas&#8220; mit der Projektnummer 2021-1-DE02-KA220-ADU-000028430.<\/p>\n\n\n\n<p><strong>Cookies<\/strong><br>Wenn Sie unsere Anmeldeseite besuchen, setzen wir ein tempor\u00e4res Cookie, um festzustellen, ob Ihr Browser Cookies zul\u00e4sst. Dieses Cookie enth\u00e4lt keine pers\u00f6nlichen Daten und wird gel\u00f6scht, wenn Sie Ihren Browser schlie\u00dfen.<\/p>\n\n\n\n<p>Wir setzen auch mehrere Cookies, um Ihre Anmeldeinformationen und die Auswahl Ihrer Bildschirmdarstellung zu speichern, wenn Sie sich anmelden. Die Anmelde-Cookies bleiben zwei Tage lang gespeichert, die Cookies f\u00fcr die Bildschirmoptionen ein Jahr lang. Wenn Sie &#8222;Remember Me&#8220; w\u00e4hlen, bleibt Ihr Login zwei Wochen lang erhalten. Wenn Sie sich von Ihrem Konto abmelden, werden die Anmelde-Cookies entfernt.<\/p>\n\n\n\n<p>Wenn Sie einen Artikel bearbeiten oder ver\u00f6ffentlichen, wird ein weiteres Cookie in Ihrem Browser gespeichert. Dieses Cookie enth\u00e4lt keine pers\u00f6nlichen Daten und zeigt die Post-ID des Artikels an, den Sie gerade bearbeitet haben. Er verf\u00e4llt nach einem Tag.<\/p>\n\n\n\n<p><strong>Eingebettete Inhalte von anderen Websites<br><\/strong>Die Artikel auf dieser Website k\u00f6nnen eingebettete Inhalte (z. B. Videos, Bilder, Artikel usw.) enthalten. Eingebettete Inhalte von anderen Websites verhalten sich genauso, als ob der Besucher die andere Website besucht h\u00e4tte.<\/p>\n\n\n\n<p>Diese Websites k\u00f6nnen Daten \u00fcber Sie sammeln, Cookies verwenden, zus\u00e4tzliche Tracking-Ma\u00dfnahmen von Dritten einbetten und Ihre Interaktion mit diesen eingebetteten Inhalten \u00fcberwachen, einschlie\u00dflich der Verfolgung Ihrer Interaktion mit den eingebetteten Inhalten, wenn Sie ein Konto haben und auf dieser Website angemeldet sind.<\/p>\n\n\n\n<p><strong>Mit wem wir Ihre Daten teilen<\/strong><br>Wenn Sie eine Kennwortr\u00fccksetzung anfordern, wird Ihre IP-Adresse in der R\u00fccksetzungs-E-Mail enthalten sein.<\/p>\n\n\n\n<p><strong>Wie lange wir Ihre Daten aufbewahren<\/strong><br>Wenn Sie einen Kommentar hinterlassen, werden der Kommentar und seine Metadaten auf unbestimmte Zeit gespeichert. Auf diese Weise k\u00f6nnen wir Folgekommentare automatisch erkennen und genehmigen, anstatt sie in einer Moderationswarteschlange zu halten.<\/p>\n\n\n\n<p>Bei Nutzern, die sich auf unserer Website registrieren (falls vorhanden), speichern wir auch die pers\u00f6nlichen Daten, die sie in ihren Nutzerprofilen angeben. Alle Nutzer k\u00f6nnen ihre pers\u00f6nlichen Daten jederzeit einsehen, bearbeiten oder l\u00f6schen (sie k\u00f6nnen jedoch ihren Benutzernamen nicht \u00e4ndern). Auch die Administratoren der Website k\u00f6nnen diese Daten einsehen und bearbeiten.<\/p>\n\n\n\n<p><strong>Welche Rechte Sie \u00fcber Ihre Daten haben<\/strong><br>Wenn Sie ein Konto auf dieser Website haben oder Kommentare hinterlassen haben, k\u00f6nnen Sie eine exportierte Datei mit den personenbezogenen Daten anfordern, die wir \u00fcber Sie gespeichert haben, einschlie\u00dflich aller Informationen, die Sie uns zur Verf\u00fcgung gestellt haben. Sie k\u00f6nnen auch verlangen, dass wir alle personenbezogenen Daten, die wir \u00fcber Sie gespeichert haben, l\u00f6schen. Ausgenommen davon sind Daten, die wir aus verwaltungstechnischen, rechtlichen oder sicherheitstechnischen Gr\u00fcnden aufbewahren m\u00fcssen.<\/p>\n\n\n\n<p><strong>Wohin wir Ihre Daten \u00fcbermitteln<\/strong><br>Besucherkommentare k\u00f6nnen durch einen automatischen Spam-Erkennungsdienst \u00fcberpr\u00fcft werden.<\/p>\n","protected":false},"excerpt":{"rendered":"<p>Wer wir sindWir sind eine Gruppe von Partnern des von Erasmus+ gef\u00f6rderten Projekts &#8222;Training for self-protection against forest fires in rural areas&#8220; mit der Projektnummer&#8230;<\/p>\n","protected":false},"author":1,"featured_media":0,"parent":0,"menu_order":0,"comment_status":"closed","ping_status":"closed","template":"","meta":{"footnotes":""},"class_list":["post-851","page","type-page","status-publish","hentry"],"yoast_head":"<!-- This site is optimized with the Yoast SEO plugin v22.3 - https:\/\/yoast.com\/wordpress\/plugins\/seo\/ -->\n<title>Gesch\u00e4ftsbedingungen - Waldbrandschutz<\/title>\n<meta name=\"robots\" content=\"index, follow, max-snippet:-1, max-image-preview:large, max-video-preview:-1\" \/>\n<link rel=\"canonical\" href=\"https:\/\/forestfireprotection.com\/de\/geschaftsbedingungen\/\" \/>\n<meta property=\"og:locale\" content=\"de_DE\" \/>\n<meta property=\"og:type\" content=\"article\" \/>\n<meta property=\"og:title\" content=\"Gesch\u00e4ftsbedingungen - Waldbrandschutz\" \/>\n<meta property=\"og:description\" content=\"Wer wir sindWir sind eine Gruppe von Partnern des von Erasmus+ gef\u00f6rderten Projekts &#8222;Training for self-protection against forest fires in rural areas&#8220; mit der Projektnummer...\" \/>\n<meta property=\"og:url\" content=\"https:\/\/forestfireprotection.com\/de\/geschaftsbedingungen\/\" \/>\n<meta property=\"og:site_name\" content=\"Waldbrandschutz\" \/>\n<meta property=\"article:modified_time\" content=\"2022-01-15T21:08:56+00:00\" \/>\n<meta name=\"twitter:card\" content=\"summary_large_image\" \/>\n<meta name=\"twitter:label1\" content=\"Gesch\u00e4tzte Lesezeit\" \/>\n\t<meta name=\"twitter:data1\" content=\"3\u00a0Minuten\" \/>\n<script type=\"application\/ld+json\" class=\"yoast-schema-graph\">{\"@context\":\"https:\/\/schema.org\",\"@graph\":[{\"@type\":\"WebPage\",\"@id\":\"https:\/\/forestfireprotection.com\/de\/geschaftsbedingungen\/\",\"url\":\"https:\/\/forestfireprotection.com\/de\/geschaftsbedingungen\/\",\"name\":\"Gesch\u00e4ftsbedingungen - Waldbrandschutz\",\"isPartOf\":{\"@id\":\"https:\/\/forestfireprotection.com\/de\/#website\"},\"datePublished\":\"2022-01-09T18:18:36+00:00\",\"dateModified\":\"2022-01-15T21:08:56+00:00\",\"breadcrumb\":{\"@id\":\"https:\/\/forestfireprotection.com\/de\/geschaftsbedingungen\/#breadcrumb\"},\"inLanguage\":\"de\",\"potentialAction\":[{\"@type\":\"ReadAction\",\"target\":[\"https:\/\/forestfireprotection.com\/de\/geschaftsbedingungen\/\"]}]},{\"@type\":\"BreadcrumbList\",\"@id\":\"https:\/\/forestfireprotection.com\/de\/geschaftsbedingungen\/#breadcrumb\",\"itemListElement\":[{\"@type\":\"ListItem\",\"position\":1,\"name\":\"Home\",\"item\":\"https:\/\/forestfireprotection.com\/de\/\"},{\"@type\":\"ListItem\",\"position\":2,\"name\":\"Gesch\u00e4ftsbedingungen\"}]},{\"@type\":\"WebSite\",\"@id\":\"https:\/\/forestfireprotection.com\/de\/#website\",\"url\":\"https:\/\/forestfireprotection.com\/de\/\",\"name\":\"Waldbrandschutz\",\"description\":\"Waldbrandschutz: Selbstschutz gegen Waldbr\u00e4nde\",\"potentialAction\":[{\"@type\":\"SearchAction\",\"target\":{\"@type\":\"EntryPoint\",\"urlTemplate\":\"https:\/\/forestfireprotection.com\/de\/?s={search_term_string}\"},\"query-input\":\"required name=search_term_string\"}],\"inLanguage\":\"de\"}]}<\/script>\n<!-- \/ Yoast SEO plugin. -->","yoast_head_json":{"title":"Gesch\u00e4ftsbedingungen - Waldbrandschutz","robots":{"index":"index","follow":"follow","max-snippet":"max-snippet:-1","max-image-preview":"max-image-preview:large","max-video-preview":"max-video-preview:-1"},"canonical":"https:\/\/forestfireprotection.com\/de\/geschaftsbedingungen\/","og_locale":"de_DE","og_type":"article","og_title":"Gesch\u00e4ftsbedingungen - Waldbrandschutz","og_description":"Wer wir sindWir sind eine Gruppe von Partnern des von Erasmus+ gef\u00f6rderten Projekts &#8222;Training for self-protection against forest fires in rural areas&#8220; mit der Projektnummer...","og_url":"https:\/\/forestfireprotection.com\/de\/geschaftsbedingungen\/","og_site_name":"Waldbrandschutz","article_modified_time":"2022-01-15T21:08:56+00:00","twitter_card":"summary_large_image","twitter_misc":{"Gesch\u00e4tzte Lesezeit":"3\u00a0Minuten"},"schema":{"@context":"https:\/\/schema.org","@graph":[{"@type":"WebPage","@id":"https:\/\/forestfireprotection.com\/de\/geschaftsbedingungen\/","url":"https:\/\/forestfireprotection.com\/de\/geschaftsbedingungen\/","name":"Gesch\u00e4ftsbedingungen - Waldbrandschutz","isPartOf":{"@id":"https:\/\/forestfireprotection.com\/de\/#website"},"datePublished":"2022-01-09T18:18:36+00:00","dateModified":"2022-01-15T21:08:56+00:00","breadcrumb":{"@id":"https:\/\/forestfireprotection.com\/de\/geschaftsbedingungen\/#breadcrumb"},"inLanguage":"de","potentialAction":[{"@type":"ReadAction","target":["https:\/\/forestfireprotection.com\/de\/geschaftsbedingungen\/"]}]},{"@type":"BreadcrumbList","@id":"https:\/\/forestfireprotection.com\/de\/geschaftsbedingungen\/#breadcrumb","itemListElement":[{"@type":"ListItem","position":1,"name":"Home","item":"https:\/\/forestfireprotection.com\/de\/"},{"@type":"ListItem","position":2,"name":"Gesch\u00e4ftsbedingungen"}]},{"@type":"WebSite","@id":"https:\/\/forestfireprotection.com\/de\/#website","url":"https:\/\/forestfireprotection.com\/de\/","name":"Waldbrandschutz","description":"Waldbrandschutz: Selbstschutz gegen Waldbr\u00e4nde","potentialAction":[{"@type":"SearchAction","target":{"@type":"EntryPoint","urlTemplate":"https:\/\/forestfireprotection.com\/de\/?s={search_term_string}"},"query-input":"required name=search_term_string"}],"inLanguage":"de"}]}},"_links":{"self":[{"href":"https:\/\/forestfireprotection.com\/de\/wp-json\/wp\/v2\/pages\/851","targetHints":{"allow":["GET"]}}],"collection":[{"href":"https:\/\/forestfireprotection.com\/de\/wp-json\/wp\/v2\/pages"}],"about":[{"href":"https:\/\/forestfireprotection.com\/de\/wp-json\/wp\/v2\/types\/page"}],"author":[{"embeddable":true,"href":"https:\/\/forestfireprotection.com\/de\/wp-json\/wp\/v2\/users\/1"}],"replies":[{"embeddable":true,"href":"https:\/\/forestfireprotection.com\/de\/wp-json\/wp\/v2\/comments?post=851"}],"version-history":[{"count":2,"href":"https:\/\/forestfireprotection.com\/de\/wp-json\/wp\/v2\/pages\/851\/revisions"}],"predecessor-version":[{"id":866,"href":"https:\/\/forestfireprotection.com\/de\/wp-json\/wp\/v2\/pages\/851\/revisions\/866"}],"wp:attachment":[{"href":"https:\/\/forestfireprotection.com\/de\/wp-json\/wp\/v2\/media?parent=851"}],"curies":[{"name":"wp","href":"https:\/\/api.w.org\/{rel}","templated":true}]}}